{"id":3688688,"date":"2025-10-13T13:35:18","date_gmt":"2025-10-13T17:35:18","guid":{"rendered":"https:\/\/stoic-curie.212-227-153-4.plesk.page\/product\/set-zastitnika-za-jedro-2-kom-za-zicu-5-do-10mm\/"},"modified":"2026-02-25T00:00:49","modified_gmt":"2026-02-25T00:00:49","slug":"set-zastitnika-za-jedro-2-kom-za-zicu-5-do-10mm","status":"publish","type":"product","link":"https:\/\/stoic-curie.212-227-153-4.plesk.page\/hr\/product\/set-zastitnika-za-jedro-2-kom-za-zicu-5-do-10mm\/","title":{"rendered":"Set za\u0161titnika za jedro 2 kom, za \u017eicu  5 do 10mm"},"content":{"rendered":"<p>Set za\u0161titnika za jedro 2 kom, za \u017eicu  5 do 10mm &#8211; <\/p>\n<p>Za\u0161titnici protiv trenja Save-sail. Prikladni su za \u017eicu promjera 5 mm, ali se mogu izbu\u0161iti za \u017eicu do 10 mm. Prodaje se u parovima.<\/p>\n","protected":false},"excerpt":{"rendered":"<p>Set za\u0161titnika za jedro 2 kom, za \u017eicu 5 do 10mm &#8211; Za\u0161titnici protiv trenja Save-sail. Prikladni su za \u017eicu<\/p>\n","protected":false},"featured_media":5940180,"comment_status":"closed","ping_status":"closed","template":"","meta":[],"product_brand":[3491],"product_cat":[1771],"product_tag":[],"class_list":{"0":"post-3688688","1":"product","2":"type-product","3":"status-publish","4":"has-post-thumbnail","6":"product_brand-trem-hr","7":"product_cat-oprema-za-jedrilice-oprema-za-jedrilice","9":"first","10":"instock","11":"shipping-taxable","12":"purchasable","13":"product-type-simple"},"_links":{"self":[{"href":"https:\/\/stoic-curie.212-227-153-4.plesk.page\/hr\/wp-json\/wp\/v2\/product\/3688688","targetHints":{"allow":["GET"]}}],"collection":[{"href":"https:\/\/stoic-curie.212-227-153-4.plesk.page\/hr\/wp-json\/wp\/v2\/product"}],"about":[{"href":"https:\/\/stoic-curie.212-227-153-4.plesk.page\/hr\/wp-json\/wp\/v2\/types\/product"}],"replies":[{"embeddable":true,"href":"https:\/\/stoic-curie.212-227-153-4.plesk.page\/hr\/wp-json\/wp\/v2\/comments?post=3688688"}],"version-history":[{"count":0,"href":"https:\/\/stoic-curie.212-227-153-4.plesk.page\/hr\/wp-json\/wp\/v2\/product\/3688688\/revisions"}],"wp:featuredmedia":[{"embeddable":true,"href":"https:\/\/stoic-curie.212-227-153-4.plesk.page\/hr\/wp-json\/wp\/v2\/media\/5940180"}],"wp:attachment":[{"href":"https:\/\/stoic-curie.212-227-153-4.plesk.page\/hr\/wp-json\/wp\/v2\/media?parent=3688688"}],"wp:term":[{"taxonomy":"product_brand","embeddable":true,"href":"https:\/\/stoic-curie.212-227-153-4.plesk.page\/hr\/wp-json\/wp\/v2\/product_brand?post=3688688"},{"taxonomy":"product_cat","embeddable":true,"href":"https:\/\/stoic-curie.212-227-153-4.plesk.page\/hr\/wp-json\/wp\/v2\/product_cat?post=3688688"},{"taxonomy":"product_tag","embeddable":true,"href":"https:\/\/stoic-curie.212-227-153-4.plesk.page\/hr\/wp-json\/wp\/v2\/product_tag?post=3688688"}],"curies":[{"name":"wp","href":"https:\/\/api.w.org\/{rel}","templated":true}]}}