{"id":3688693,"date":"2025-10-13T13:35:19","date_gmt":"2025-10-13T17:35:19","guid":{"rendered":"https:\/\/stoic-curie.212-227-153-4.plesk.page\/product\/okrugli-inspekcijski-otvori-bijele-boje-205-x-155-mm\/"},"modified":"2026-02-25T00:00:49","modified_gmt":"2026-02-25T00:00:49","slug":"okrugli-inspekcijski-otvori-bijele-boje-205-x-155-mm","status":"publish","type":"product","link":"https:\/\/stoic-curie.212-227-153-4.plesk.page\/hr\/product\/okrugli-inspekcijski-otvori-bijele-boje-205-x-155-mm\/","title":{"rendered":"Okrugli inspekcijski otvori bijele boje 205 x 155 mm"},"content":{"rendered":"<p>Okrugli inspekcijski otvori bijele boje 205 x 155 mm &#8211; <\/p>\n<p>Sprema za uvo\u0111enje vodonepropusne plasti\u010dne inspekcijske plo\u010de.<\/p>\n","protected":false},"excerpt":{"rendered":"<p>Okrugli inspekcijski otvori bijele boje 205 x 155 mm &#8211; Sprema za uvo\u0111enje vodonepropusne plasti\u010dne inspekcijske plo\u010de.<\/p>\n","protected":false},"featured_media":5940184,"comment_status":"closed","ping_status":"closed","template":"","meta":[],"product_brand":[3491],"product_cat":[1695,1684],"product_tag":[],"class_list":{"0":"post-3688693","1":"product","2":"type-product","3":"status-publish","4":"has-post-thumbnail","6":"product_brand-trem-hr","7":"product_cat-brodski-plasticni-otvori","8":"product_cat-inspekcijski-otvori","10":"first","11":"instock","12":"shipping-taxable","13":"purchasable","14":"product-type-simple"},"_links":{"self":[{"href":"https:\/\/stoic-curie.212-227-153-4.plesk.page\/hr\/wp-json\/wp\/v2\/product\/3688693","targetHints":{"allow":["GET"]}}],"collection":[{"href":"https:\/\/stoic-curie.212-227-153-4.plesk.page\/hr\/wp-json\/wp\/v2\/product"}],"about":[{"href":"https:\/\/stoic-curie.212-227-153-4.plesk.page\/hr\/wp-json\/wp\/v2\/types\/product"}],"replies":[{"embeddable":true,"href":"https:\/\/stoic-curie.212-227-153-4.plesk.page\/hr\/wp-json\/wp\/v2\/comments?post=3688693"}],"version-history":[{"count":0,"href":"https:\/\/stoic-curie.212-227-153-4.plesk.page\/hr\/wp-json\/wp\/v2\/product\/3688693\/revisions"}],"wp:featuredmedia":[{"embeddable":true,"href":"https:\/\/stoic-curie.212-227-153-4.plesk.page\/hr\/wp-json\/wp\/v2\/media\/5940184"}],"wp:attachment":[{"href":"https:\/\/stoic-curie.212-227-153-4.plesk.page\/hr\/wp-json\/wp\/v2\/media?parent=3688693"}],"wp:term":[{"taxonomy":"product_brand","embeddable":true,"href":"https:\/\/stoic-curie.212-227-153-4.plesk.page\/hr\/wp-json\/wp\/v2\/product_brand?post=3688693"},{"taxonomy":"product_cat","embeddable":true,"href":"https:\/\/stoic-curie.212-227-153-4.plesk.page\/hr\/wp-json\/wp\/v2\/product_cat?post=3688693"},{"taxonomy":"product_tag","embeddable":true,"href":"https:\/\/stoic-curie.212-227-153-4.plesk.page\/hr\/wp-json\/wp\/v2\/product_tag?post=3688693"}],"curies":[{"name":"wp","href":"https:\/\/api.w.org\/{rel}","templated":true}]}}