{"id":3688709,"date":"2025-10-13T13:35:24","date_gmt":"2025-10-13T17:35:24","guid":{"rendered":"https:\/\/stoic-curie.212-227-153-4.plesk.page\/product\/otvorena-kutija-za-aparat-za-gasenje-pozara-170-x-420-mm\/"},"modified":"2026-02-25T00:00:50","modified_gmt":"2026-02-25T00:00:50","slug":"otvorena-kutija-za-aparat-za-gasenje-pozara-170-x-420-mm","status":"publish","type":"product","link":"https:\/\/stoic-curie.212-227-153-4.plesk.page\/hr\/product\/otvorena-kutija-za-aparat-za-gasenje-pozara-170-x-420-mm\/","title":{"rendered":"Otvorena kutija za aparat za ga\u0161enje po\u017eara 170 x 420 mm"},"content":{"rendered":"<p>Otvorena kutija za aparat za ga\u0161enje po\u017eara 170 x 420 mm &#8211; <\/p>\n<p>Standardna plasti\u010dna kutija za aparat za ga\u0161enje po\u017eara od 1 kg.<\/p>\n","protected":false},"excerpt":{"rendered":"<p>Otvorena kutija za aparat za ga\u0161enje po\u017eara 170 x 420 mm &#8211; Standardna plasti\u010dna kutija za aparat za ga\u0161enje po\u017eara<\/p>\n","protected":false},"featured_media":5940211,"comment_status":"closed","ping_status":"closed","template":"","meta":[],"product_brand":[2861],"product_cat":[1600],"product_tag":[],"class_list":{"0":"post-3688709","1":"product","2":"type-product","3":"status-publish","4":"has-post-thumbnail","6":"product_brand-ceredi-hr","7":"product_cat-brodski-aparati-za-gasenje-pozara","9":"first","10":"instock","11":"shipping-taxable","12":"purchasable","13":"product-type-simple"},"_links":{"self":[{"href":"https:\/\/stoic-curie.212-227-153-4.plesk.page\/hr\/wp-json\/wp\/v2\/product\/3688709","targetHints":{"allow":["GET"]}}],"collection":[{"href":"https:\/\/stoic-curie.212-227-153-4.plesk.page\/hr\/wp-json\/wp\/v2\/product"}],"about":[{"href":"https:\/\/stoic-curie.212-227-153-4.plesk.page\/hr\/wp-json\/wp\/v2\/types\/product"}],"replies":[{"embeddable":true,"href":"https:\/\/stoic-curie.212-227-153-4.plesk.page\/hr\/wp-json\/wp\/v2\/comments?post=3688709"}],"version-history":[{"count":0,"href":"https:\/\/stoic-curie.212-227-153-4.plesk.page\/hr\/wp-json\/wp\/v2\/product\/3688709\/revisions"}],"wp:featuredmedia":[{"embeddable":true,"href":"https:\/\/stoic-curie.212-227-153-4.plesk.page\/hr\/wp-json\/wp\/v2\/media\/5940211"}],"wp:attachment":[{"href":"https:\/\/stoic-curie.212-227-153-4.plesk.page\/hr\/wp-json\/wp\/v2\/media?parent=3688709"}],"wp:term":[{"taxonomy":"product_brand","embeddable":true,"href":"https:\/\/stoic-curie.212-227-153-4.plesk.page\/hr\/wp-json\/wp\/v2\/product_brand?post=3688709"},{"taxonomy":"product_cat","embeddable":true,"href":"https:\/\/stoic-curie.212-227-153-4.plesk.page\/hr\/wp-json\/wp\/v2\/product_cat?post=3688709"},{"taxonomy":"product_tag","embeddable":true,"href":"https:\/\/stoic-curie.212-227-153-4.plesk.page\/hr\/wp-json\/wp\/v2\/product_tag?post=3688709"}],"curies":[{"name":"wp","href":"https:\/\/api.w.org\/{rel}","templated":true}]}}