{"id":3688718,"date":"2025-10-13T13:35:26","date_gmt":"2025-10-13T17:35:26","guid":{"rendered":"https:\/\/stoic-curie.212-227-153-4.plesk.page\/product\/univerzalna-plasticna-koljevka-za-splavi-za-spasavanje-i-tankove\/"},"modified":"2026-02-25T00:00:50","modified_gmt":"2026-02-25T00:00:50","slug":"univerzalna-plasticna-koljevka-za-splavi-za-spasavanje-i-tankove","status":"publish","type":"product","link":"https:\/\/stoic-curie.212-227-153-4.plesk.page\/hr\/product\/univerzalna-plasticna-koljevka-za-splavi-za-spasavanje-i-tankove\/","title":{"rendered":"Univerzalna plasti\u010dna koljevka za splavi za spa\u0161avanje i tankove"},"content":{"rendered":"<p>Univerzalna plasti\u010dna koljevka za splavi za spa\u0161avanje i tankove &#8211; <\/p>\n<p>Opruga za velike rezervoare, splavi za spa\u0161avanje i cisterne za ronjenje. 4 baze 65&#215;110 mm s razmakom od 28 mm, pojedina\u010dna du\u017eina remena od 2&#215;2,5 metara.<\/p>\n","protected":false},"excerpt":{"rendered":"<p>Univerzalna plasti\u010dna koljevka za splavi za spa\u0161avanje i tankove &#8211; Opruga za velike rezervoare, splavi za spa\u0161avanje i cisterne za<\/p>\n","protected":false},"featured_media":5940264,"comment_status":"closed","ping_status":"closed","template":"","meta":[],"product_brand":[2856],"product_cat":[1607,1800,1664],"product_tag":[],"class_list":{"0":"post-3688718","1":"product","2":"type-product","3":"status-publish","4":"has-post-thumbnail","6":"product_brand-can-marine-hr","7":"product_cat-splavi-za-spasavanje","8":"product_cat-spremnici-goriva","9":"product_cat-spremnici-za-vodu","11":"first","12":"instock","13":"shipping-taxable","14":"purchasable","15":"product-type-simple"},"_links":{"self":[{"href":"https:\/\/stoic-curie.212-227-153-4.plesk.page\/hr\/wp-json\/wp\/v2\/product\/3688718","targetHints":{"allow":["GET"]}}],"collection":[{"href":"https:\/\/stoic-curie.212-227-153-4.plesk.page\/hr\/wp-json\/wp\/v2\/product"}],"about":[{"href":"https:\/\/stoic-curie.212-227-153-4.plesk.page\/hr\/wp-json\/wp\/v2\/types\/product"}],"replies":[{"embeddable":true,"href":"https:\/\/stoic-curie.212-227-153-4.plesk.page\/hr\/wp-json\/wp\/v2\/comments?post=3688718"}],"version-history":[{"count":0,"href":"https:\/\/stoic-curie.212-227-153-4.plesk.page\/hr\/wp-json\/wp\/v2\/product\/3688718\/revisions"}],"wp:featuredmedia":[{"embeddable":true,"href":"https:\/\/stoic-curie.212-227-153-4.plesk.page\/hr\/wp-json\/wp\/v2\/media\/5940264"}],"wp:attachment":[{"href":"https:\/\/stoic-curie.212-227-153-4.plesk.page\/hr\/wp-json\/wp\/v2\/media?parent=3688718"}],"wp:term":[{"taxonomy":"product_brand","embeddable":true,"href":"https:\/\/stoic-curie.212-227-153-4.plesk.page\/hr\/wp-json\/wp\/v2\/product_brand?post=3688718"},{"taxonomy":"product_cat","embeddable":true,"href":"https:\/\/stoic-curie.212-227-153-4.plesk.page\/hr\/wp-json\/wp\/v2\/product_cat?post=3688718"},{"taxonomy":"product_tag","embeddable":true,"href":"https:\/\/stoic-curie.212-227-153-4.plesk.page\/hr\/wp-json\/wp\/v2\/product_tag?post=3688718"}],"curies":[{"name":"wp","href":"https:\/\/api.w.org\/{rel}","templated":true}]}}