{"id":3688735,"date":"2025-10-13T13:35:31","date_gmt":"2025-10-13T17:35:31","guid":{"rendered":"https:\/\/stoic-curie.212-227-153-4.plesk.page\/product\/otvor-za-gorivo-od-nehrdajuceg-celika-d50-s-kljucem\/"},"modified":"2026-02-25T00:00:50","modified_gmt":"2026-02-25T00:00:50","slug":"otvor-za-gorivo-od-nehrdajuceg-celika-d50-s-kljucem","status":"publish","type":"product","link":"https:\/\/stoic-curie.212-227-153-4.plesk.page\/hr\/product\/otvor-za-gorivo-od-nehrdajuceg-celika-d50-s-kljucem\/","title":{"rendered":"Otvor za gorivo od nehr\u0111aju\u0107eg \u010delika D50 s klju\u010dem"},"content":{"rendered":"<p>Otvor za gorivo od nehr\u0111aju\u0107eg \u010delika D50 s klju\u010dem &#8211; <\/p>\n<p>Poklopac od nehr\u0111aju\u0107eg \u010delika s tipkom za otvaranje\/zatvaranje.<\/p>\n","protected":false},"excerpt":{"rendered":"<p>Otvor za gorivo od nehr\u0111aju\u0107eg \u010delika D50 s klju\u010dem &#8211; Poklopac od nehr\u0111aju\u0107eg \u010delika s tipkom za otvaranje\/zatvaranje.<\/p>\n","protected":false},"featured_media":5940276,"comment_status":"closed","ping_status":"closed","template":"","meta":[],"product_brand":[3356],"product_cat":[1801],"product_tag":[],"class_list":{"0":"post-3688735","1":"product","2":"type-product","3":"status-publish","4":"has-post-thumbnail","6":"product_brand-seaflow-hr","7":"product_cat-cepovi-za-punjenje-goriva","9":"first","10":"instock","11":"shipping-taxable","12":"purchasable","13":"product-type-simple"},"_links":{"self":[{"href":"https:\/\/stoic-curie.212-227-153-4.plesk.page\/hr\/wp-json\/wp\/v2\/product\/3688735","targetHints":{"allow":["GET"]}}],"collection":[{"href":"https:\/\/stoic-curie.212-227-153-4.plesk.page\/hr\/wp-json\/wp\/v2\/product"}],"about":[{"href":"https:\/\/stoic-curie.212-227-153-4.plesk.page\/hr\/wp-json\/wp\/v2\/types\/product"}],"replies":[{"embeddable":true,"href":"https:\/\/stoic-curie.212-227-153-4.plesk.page\/hr\/wp-json\/wp\/v2\/comments?post=3688735"}],"version-history":[{"count":0,"href":"https:\/\/stoic-curie.212-227-153-4.plesk.page\/hr\/wp-json\/wp\/v2\/product\/3688735\/revisions"}],"wp:featuredmedia":[{"embeddable":true,"href":"https:\/\/stoic-curie.212-227-153-4.plesk.page\/hr\/wp-json\/wp\/v2\/media\/5940276"}],"wp:attachment":[{"href":"https:\/\/stoic-curie.212-227-153-4.plesk.page\/hr\/wp-json\/wp\/v2\/media?parent=3688735"}],"wp:term":[{"taxonomy":"product_brand","embeddable":true,"href":"https:\/\/stoic-curie.212-227-153-4.plesk.page\/hr\/wp-json\/wp\/v2\/product_brand?post=3688735"},{"taxonomy":"product_cat","embeddable":true,"href":"https:\/\/stoic-curie.212-227-153-4.plesk.page\/hr\/wp-json\/wp\/v2\/product_cat?post=3688735"},{"taxonomy":"product_tag","embeddable":true,"href":"https:\/\/stoic-curie.212-227-153-4.plesk.page\/hr\/wp-json\/wp\/v2\/product_tag?post=3688735"}],"curies":[{"name":"wp","href":"https:\/\/api.w.org\/{rel}","templated":true}]}}