{"id":3688739,"date":"2025-10-13T13:35:32","date_gmt":"2025-10-13T17:35:32","guid":{"rendered":"https:\/\/stoic-curie.212-227-153-4.plesk.page\/product\/najlonski-palubni-otvor-za-punjenje-d38\/"},"modified":"2026-02-25T00:00:50","modified_gmt":"2026-02-25T00:00:50","slug":"najlonski-palubni-otvor-za-punjenje-d38","status":"publish","type":"product","link":"https:\/\/stoic-curie.212-227-153-4.plesk.page\/hr\/product\/najlonski-palubni-otvor-za-punjenje-d38\/","title":{"rendered":"Najlonski palubni otvor za punjenje D38"},"content":{"rendered":"<p>Najlonski palubni otvor za punjenje D38 &#8211; <\/p>\n<p>Oja\u010dana najlonska vi\u0161enamjenska pjena s otvorima za boje u crvenoj, crnoj, plavoj i zelenoj boji uklju\u010dena. Uklju\u010dene su samoljepljive naljepnice za dizel, gorivo, plin, benzin, vodu i otpad.<\/p>\n","protected":false},"excerpt":{"rendered":"<p>Najlonski palubni otvor za punjenje D38 &#8211; Oja\u010dana najlonska vi\u0161enamjenska pjena s otvorima za boje u crvenoj, crnoj, plavoj i<\/p>\n","protected":false},"featured_media":5940278,"comment_status":"closed","ping_status":"closed","template":"","meta":[],"product_brand":[3211],"product_cat":[1801,1668,1649],"product_tag":[],"class_list":{"0":"post-3688739","1":"product","2":"type-product","3":"status-publish","4":"has-post-thumbnail","6":"product_brand-nuova-rade-hr","7":"product_cat-cepovi-za-punjenje-goriva","8":"product_cat-palubni-otvori-za-punjenje-vode","9":"product_cat-spremnici-za-otpadne-vode","11":"first","12":"instock","13":"shipping-taxable","14":"purchasable","15":"product-type-simple"},"_links":{"self":[{"href":"https:\/\/stoic-curie.212-227-153-4.plesk.page\/hr\/wp-json\/wp\/v2\/product\/3688739","targetHints":{"allow":["GET"]}}],"collection":[{"href":"https:\/\/stoic-curie.212-227-153-4.plesk.page\/hr\/wp-json\/wp\/v2\/product"}],"about":[{"href":"https:\/\/stoic-curie.212-227-153-4.plesk.page\/hr\/wp-json\/wp\/v2\/types\/product"}],"replies":[{"embeddable":true,"href":"https:\/\/stoic-curie.212-227-153-4.plesk.page\/hr\/wp-json\/wp\/v2\/comments?post=3688739"}],"version-history":[{"count":0,"href":"https:\/\/stoic-curie.212-227-153-4.plesk.page\/hr\/wp-json\/wp\/v2\/product\/3688739\/revisions"}],"wp:featuredmedia":[{"embeddable":true,"href":"https:\/\/stoic-curie.212-227-153-4.plesk.page\/hr\/wp-json\/wp\/v2\/media\/5940278"}],"wp:attachment":[{"href":"https:\/\/stoic-curie.212-227-153-4.plesk.page\/hr\/wp-json\/wp\/v2\/media?parent=3688739"}],"wp:term":[{"taxonomy":"product_brand","embeddable":true,"href":"https:\/\/stoic-curie.212-227-153-4.plesk.page\/hr\/wp-json\/wp\/v2\/product_brand?post=3688739"},{"taxonomy":"product_cat","embeddable":true,"href":"https:\/\/stoic-curie.212-227-153-4.plesk.page\/hr\/wp-json\/wp\/v2\/product_cat?post=3688739"},{"taxonomy":"product_tag","embeddable":true,"href":"https:\/\/stoic-curie.212-227-153-4.plesk.page\/hr\/wp-json\/wp\/v2\/product_tag?post=3688739"}],"curies":[{"name":"wp","href":"https:\/\/api.w.org\/{rel}","templated":true}]}}