{"id":3688744,"date":"2025-10-13T13:35:33","date_gmt":"2025-10-13T17:35:33","guid":{"rendered":"https:\/\/stoic-curie.212-227-153-4.plesk.page\/product\/otvor-za-gorivo-od-nehrdajuceg-celika-50-mm-kljuc-od-vitla\/"},"modified":"2026-02-25T00:00:50","modified_gmt":"2026-02-25T00:00:50","slug":"otvor-za-gorivo-od-nehrdajuceg-celika-50-mm-kljuc-od-vitla","status":"publish","type":"product","link":"https:\/\/stoic-curie.212-227-153-4.plesk.page\/hr\/product\/otvor-za-gorivo-od-nehrdajuceg-celika-50-mm-kljuc-od-vitla\/","title":{"rendered":"Otvor za gorivo od nehr\u0111aju\u0107eg \u010delika 50 mm (klju\u010d od vitla)"},"content":{"rendered":"<p>Otvor za gorivo od nehr\u0111aju\u0107eg \u010delika 50 mm (klju\u010d od vitla) &#8211; <\/p>\n<p>Poklapanje palube od nehr\u0111aju\u0107eg \u010delika. <br \/> Mo\u017ee se otvoriti s ru\u010dkom vitla.<\/p>\n","protected":false},"excerpt":{"rendered":"<p>Otvor za gorivo od nehr\u0111aju\u0107eg \u010delika 50 mm (klju\u010d od vitla) &#8211; Poklapanje palube od nehr\u0111aju\u0107eg \u010delika. Mo\u017ee se otvoriti<\/p>\n","protected":false},"featured_media":5940280,"comment_status":"closed","ping_status":"closed","template":"","meta":[],"product_brand":[2946],"product_cat":[1801],"product_tag":[],"class_list":{"0":"post-3688744","1":"product","2":"type-product","3":"status-publish","4":"has-post-thumbnail","6":"product_brand-foresti-suardi-hr","7":"product_cat-cepovi-za-punjenje-goriva","9":"first","10":"instock","11":"shipping-taxable","12":"purchasable","13":"product-type-simple"},"_links":{"self":[{"href":"https:\/\/stoic-curie.212-227-153-4.plesk.page\/hr\/wp-json\/wp\/v2\/product\/3688744","targetHints":{"allow":["GET"]}}],"collection":[{"href":"https:\/\/stoic-curie.212-227-153-4.plesk.page\/hr\/wp-json\/wp\/v2\/product"}],"about":[{"href":"https:\/\/stoic-curie.212-227-153-4.plesk.page\/hr\/wp-json\/wp\/v2\/types\/product"}],"replies":[{"embeddable":true,"href":"https:\/\/stoic-curie.212-227-153-4.plesk.page\/hr\/wp-json\/wp\/v2\/comments?post=3688744"}],"version-history":[{"count":0,"href":"https:\/\/stoic-curie.212-227-153-4.plesk.page\/hr\/wp-json\/wp\/v2\/product\/3688744\/revisions"}],"wp:featuredmedia":[{"embeddable":true,"href":"https:\/\/stoic-curie.212-227-153-4.plesk.page\/hr\/wp-json\/wp\/v2\/media\/5940280"}],"wp:attachment":[{"href":"https:\/\/stoic-curie.212-227-153-4.plesk.page\/hr\/wp-json\/wp\/v2\/media?parent=3688744"}],"wp:term":[{"taxonomy":"product_brand","embeddable":true,"href":"https:\/\/stoic-curie.212-227-153-4.plesk.page\/hr\/wp-json\/wp\/v2\/product_brand?post=3688744"},{"taxonomy":"product_cat","embeddable":true,"href":"https:\/\/stoic-curie.212-227-153-4.plesk.page\/hr\/wp-json\/wp\/v2\/product_cat?post=3688744"},{"taxonomy":"product_tag","embeddable":true,"href":"https:\/\/stoic-curie.212-227-153-4.plesk.page\/hr\/wp-json\/wp\/v2\/product_tag?post=3688744"}],"curies":[{"name":"wp","href":"https:\/\/api.w.org\/{rel}","templated":true}]}}