{"id":3688752,"date":"2025-10-13T13:35:35","date_gmt":"2025-10-13T17:35:35","guid":{"rendered":"https:\/\/stoic-curie.212-227-153-4.plesk.page\/product\/palubni-otvor-zakrenuti-za-otpadne-vode-nagib-45o-za-38mm-crijevo\/"},"modified":"2026-02-25T00:00:50","modified_gmt":"2026-02-25T00:00:50","slug":"palubni-otvor-zakrenuti-za-otpadne-vode-nagib-45o-za-38mm-crijevo","status":"publish","type":"product","link":"https:\/\/stoic-curie.212-227-153-4.plesk.page\/hr\/product\/palubni-otvor-zakrenuti-za-otpadne-vode-nagib-45o-za-38mm-crijevo\/","title":{"rendered":"Palubni otvor zakrenuti za otpadne vode nagib 45\u00ba za 38mm crijevo"},"content":{"rendered":"<p>Palubni otvor zakrenuti za otpadne vode nagib 45\u00ba za 38mm crijevo &#8211; <\/p>\n<p>Kutna poklopca od nehr\u0111aju\u0107eg \u010delika za ugradnju ravno u povr\u0161inu.<\/p>\n","protected":false},"excerpt":{"rendered":"<p>Palubni otvor zakrenuti za otpadne vode nagib 45\u00ba za 38mm crijevo &#8211; Kutna poklopca od nehr\u0111aju\u0107eg \u010delika za ugradnju ravno<\/p>\n","protected":false},"featured_media":5940283,"comment_status":"closed","ping_status":"closed","template":"","meta":[],"product_brand":[3121],"product_cat":[1649],"product_tag":[],"class_list":{"0":"post-3688752","1":"product","2":"type-product","3":"status-publish","4":"has-post-thumbnail","6":"product_brand-marinetech-hr","7":"product_cat-spremnici-za-otpadne-vode","9":"first","10":"instock","11":"shipping-taxable","12":"purchasable","13":"product-type-simple"},"_links":{"self":[{"href":"https:\/\/stoic-curie.212-227-153-4.plesk.page\/hr\/wp-json\/wp\/v2\/product\/3688752","targetHints":{"allow":["GET"]}}],"collection":[{"href":"https:\/\/stoic-curie.212-227-153-4.plesk.page\/hr\/wp-json\/wp\/v2\/product"}],"about":[{"href":"https:\/\/stoic-curie.212-227-153-4.plesk.page\/hr\/wp-json\/wp\/v2\/types\/product"}],"replies":[{"embeddable":true,"href":"https:\/\/stoic-curie.212-227-153-4.plesk.page\/hr\/wp-json\/wp\/v2\/comments?post=3688752"}],"version-history":[{"count":0,"href":"https:\/\/stoic-curie.212-227-153-4.plesk.page\/hr\/wp-json\/wp\/v2\/product\/3688752\/revisions"}],"wp:featuredmedia":[{"embeddable":true,"href":"https:\/\/stoic-curie.212-227-153-4.plesk.page\/hr\/wp-json\/wp\/v2\/media\/5940283"}],"wp:attachment":[{"href":"https:\/\/stoic-curie.212-227-153-4.plesk.page\/hr\/wp-json\/wp\/v2\/media?parent=3688752"}],"wp:term":[{"taxonomy":"product_brand","embeddable":true,"href":"https:\/\/stoic-curie.212-227-153-4.plesk.page\/hr\/wp-json\/wp\/v2\/product_brand?post=3688752"},{"taxonomy":"product_cat","embeddable":true,"href":"https:\/\/stoic-curie.212-227-153-4.plesk.page\/hr\/wp-json\/wp\/v2\/product_cat?post=3688752"},{"taxonomy":"product_tag","embeddable":true,"href":"https:\/\/stoic-curie.212-227-153-4.plesk.page\/hr\/wp-json\/wp\/v2\/product_tag?post=3688752"}],"curies":[{"name":"wp","href":"https:\/\/api.w.org\/{rel}","templated":true}]}}