{"id":3688753,"date":"2025-10-13T13:35:35","date_gmt":"2025-10-13T17:35:35","guid":{"rendered":"https:\/\/stoic-curie.212-227-153-4.plesk.page\/product\/uljev-za-vodu-od-nehrdajuceg-celika-s-odusnikom-od-38-mm\/"},"modified":"2026-02-25T00:00:50","modified_gmt":"2026-02-25T00:00:50","slug":"uljev-za-vodu-od-nehrdajuceg-celika-s-odusnikom-od-38-mm","status":"publish","type":"product","link":"https:\/\/stoic-curie.212-227-153-4.plesk.page\/hr\/product\/uljev-za-vodu-od-nehrdajuceg-celika-s-odusnikom-od-38-mm\/","title":{"rendered":"Uljev za vodu od nehr\u0111aju\u0107eg \u010delika s odu\u0161nikom od 38 mm"},"content":{"rendered":"<p>Uljev za vodu od nehr\u0111aju\u0107eg \u010delika s odu\u0161nikom od 38 mm &#8211; <\/p>\n<p>Poklopac od nehr\u0111aju\u0107eg \u010delika s ventilacijom.<\/p>\n","protected":false},"excerpt":{"rendered":"<p>Uljev za vodu od nehr\u0111aju\u0107eg \u010delika s odu\u0161nikom od 38 mm &#8211; Poklopac od nehr\u0111aju\u0107eg \u010delika s ventilacijom.<\/p>\n","protected":false},"featured_media":5940284,"comment_status":"closed","ping_status":"closed","template":"","meta":[],"product_brand":[2806],"product_cat":[1668],"product_tag":[],"class_list":{"0":"post-3688753","1":"product","2":"type-product","3":"status-publish","4":"has-post-thumbnail","6":"product_brand-attwood-hr","7":"product_cat-palubni-otvori-za-punjenje-vode","9":"first","10":"instock","11":"shipping-taxable","12":"purchasable","13":"product-type-simple"},"_links":{"self":[{"href":"https:\/\/stoic-curie.212-227-153-4.plesk.page\/hr\/wp-json\/wp\/v2\/product\/3688753","targetHints":{"allow":["GET"]}}],"collection":[{"href":"https:\/\/stoic-curie.212-227-153-4.plesk.page\/hr\/wp-json\/wp\/v2\/product"}],"about":[{"href":"https:\/\/stoic-curie.212-227-153-4.plesk.page\/hr\/wp-json\/wp\/v2\/types\/product"}],"replies":[{"embeddable":true,"href":"https:\/\/stoic-curie.212-227-153-4.plesk.page\/hr\/wp-json\/wp\/v2\/comments?post=3688753"}],"version-history":[{"count":0,"href":"https:\/\/stoic-curie.212-227-153-4.plesk.page\/hr\/wp-json\/wp\/v2\/product\/3688753\/revisions"}],"wp:featuredmedia":[{"embeddable":true,"href":"https:\/\/stoic-curie.212-227-153-4.plesk.page\/hr\/wp-json\/wp\/v2\/media\/5940284"}],"wp:attachment":[{"href":"https:\/\/stoic-curie.212-227-153-4.plesk.page\/hr\/wp-json\/wp\/v2\/media?parent=3688753"}],"wp:term":[{"taxonomy":"product_brand","embeddable":true,"href":"https:\/\/stoic-curie.212-227-153-4.plesk.page\/hr\/wp-json\/wp\/v2\/product_brand?post=3688753"},{"taxonomy":"product_cat","embeddable":true,"href":"https:\/\/stoic-curie.212-227-153-4.plesk.page\/hr\/wp-json\/wp\/v2\/product_cat?post=3688753"},{"taxonomy":"product_tag","embeddable":true,"href":"https:\/\/stoic-curie.212-227-153-4.plesk.page\/hr\/wp-json\/wp\/v2\/product_tag?post=3688753"}],"curies":[{"name":"wp","href":"https:\/\/api.w.org\/{rel}","templated":true}]}}