{"id":3688767,"date":"2025-10-13T13:35:39","date_gmt":"2025-10-13T17:35:39","guid":{"rendered":"https:\/\/stoic-curie.212-227-153-4.plesk.page\/product\/filtar-za-vodu-johnson-2-x-klick\/"},"modified":"2026-02-25T00:00:50","modified_gmt":"2026-02-25T00:00:50","slug":"filtar-za-vodu-johnson-2-x-klick","status":"publish","type":"product","link":"https:\/\/stoic-curie.212-227-153-4.plesk.page\/hr\/product\/filtar-za-vodu-johnson-2-x-klick\/","title":{"rendered":"Filtar za vodu Johnson 2 x Klick"},"content":{"rendered":"<p>Filtar za vodu Johnson 2 x Klick &#8211; <\/p>\n<p>Johnsonovi za\u0161titni filtri za sanitarne vodene sustave na \u010damcima. Mogu se koristiti kao ulo\u017eni filtri ili se mogu montirati s KlickTite spojnicama na vodene pumpe.<\/p>\n","protected":false},"excerpt":{"rendered":"<p>Filtar za vodu Johnson 2 x Klick &#8211; Johnsonovi za\u0161titni filtri za sanitarne vodene sustave na \u010damcima. Mogu se koristiti<\/p>\n","protected":false},"featured_media":5940311,"comment_status":"closed","ping_status":"closed","template":"","meta":[],"product_brand":[3046],"product_cat":[1662,1660],"product_tag":[],"class_list":{"0":"post-3688767","1":"product","2":"type-product","3":"status-publish","4":"has-post-thumbnail","6":"product_brand-johnson-marine-hr","7":"product_cat-filteri-za-vodu","8":"product_cat-pumpe-za-tlak-vode","10":"first","11":"instock","12":"shipping-taxable","13":"purchasable","14":"product-type-simple"},"_links":{"self":[{"href":"https:\/\/stoic-curie.212-227-153-4.plesk.page\/hr\/wp-json\/wp\/v2\/product\/3688767","targetHints":{"allow":["GET"]}}],"collection":[{"href":"https:\/\/stoic-curie.212-227-153-4.plesk.page\/hr\/wp-json\/wp\/v2\/product"}],"about":[{"href":"https:\/\/stoic-curie.212-227-153-4.plesk.page\/hr\/wp-json\/wp\/v2\/types\/product"}],"replies":[{"embeddable":true,"href":"https:\/\/stoic-curie.212-227-153-4.plesk.page\/hr\/wp-json\/wp\/v2\/comments?post=3688767"}],"version-history":[{"count":0,"href":"https:\/\/stoic-curie.212-227-153-4.plesk.page\/hr\/wp-json\/wp\/v2\/product\/3688767\/revisions"}],"wp:featuredmedia":[{"embeddable":true,"href":"https:\/\/stoic-curie.212-227-153-4.plesk.page\/hr\/wp-json\/wp\/v2\/media\/5940311"}],"wp:attachment":[{"href":"https:\/\/stoic-curie.212-227-153-4.plesk.page\/hr\/wp-json\/wp\/v2\/media?parent=3688767"}],"wp:term":[{"taxonomy":"product_brand","embeddable":true,"href":"https:\/\/stoic-curie.212-227-153-4.plesk.page\/hr\/wp-json\/wp\/v2\/product_brand?post=3688767"},{"taxonomy":"product_cat","embeddable":true,"href":"https:\/\/stoic-curie.212-227-153-4.plesk.page\/hr\/wp-json\/wp\/v2\/product_cat?post=3688767"},{"taxonomy":"product_tag","embeddable":true,"href":"https:\/\/stoic-curie.212-227-153-4.plesk.page\/hr\/wp-json\/wp\/v2\/product_tag?post=3688767"}],"curies":[{"name":"wp","href":"https:\/\/api.w.org\/{rel}","templated":true}]}}