{"id":3688769,"date":"2025-10-13T13:35:40","date_gmt":"2025-10-13T17:35:40","guid":{"rendered":"https:\/\/stoic-curie.212-227-153-4.plesk.page\/product\/c2-kabeli-za-daljinsko-upravljanje-8-stopa-244-m\/"},"modified":"2026-02-25T00:00:50","modified_gmt":"2026-02-25T00:00:50","slug":"c2-kabeli-za-daljinsko-upravljanje-8-stopa-244-m","status":"publish","type":"product","link":"https:\/\/stoic-curie.212-227-153-4.plesk.page\/hr\/product\/c2-kabeli-za-daljinsko-upravljanje-8-stopa-244-m\/","title":{"rendered":"C2 kabeli za daljinsko upravljanje, 8 stopa, 2,44 m"},"content":{"rendered":"<p>C2 kabeli za daljinsko upravljanje, 8 stopa, 2,44 m &#8211; <\/p>\n<p>Univerzalni kablovi daljinskog upravlja\u010da za sve unutarnje motore i sterndrivove. Za vanbrodske motore Yamaha\/Suzuki\/Honda\/Tohatsu\/Selva koristite odgovaraju\u0107e priklju\u010dne kompleti\u0107e.<\/p>\n","protected":false},"excerpt":{"rendered":"<p>C2 kabeli za daljinsko upravljanje, 8 stopa, 2,44 m &#8211; Univerzalni kablovi daljinskog upravlja\u010da za sve unutarnje motore i sterndrivove.<\/p>\n","protected":false},"featured_media":5940330,"comment_status":"closed","ping_status":"closed","template":"","meta":[],"product_brand":[3501],"product_cat":[1784],"product_tag":[],"class_list":{"0":"post-3688769","1":"product","2":"type-product","3":"status-publish","4":"has-post-thumbnail","6":"product_brand-ultraflex-uflex-hr","7":"product_cat-morse-kabeli-za-upravljanje-motorom","9":"first","10":"instock","11":"shipping-taxable","12":"purchasable","13":"product-type-simple"},"_links":{"self":[{"href":"https:\/\/stoic-curie.212-227-153-4.plesk.page\/hr\/wp-json\/wp\/v2\/product\/3688769","targetHints":{"allow":["GET"]}}],"collection":[{"href":"https:\/\/stoic-curie.212-227-153-4.plesk.page\/hr\/wp-json\/wp\/v2\/product"}],"about":[{"href":"https:\/\/stoic-curie.212-227-153-4.plesk.page\/hr\/wp-json\/wp\/v2\/types\/product"}],"replies":[{"embeddable":true,"href":"https:\/\/stoic-curie.212-227-153-4.plesk.page\/hr\/wp-json\/wp\/v2\/comments?post=3688769"}],"version-history":[{"count":0,"href":"https:\/\/stoic-curie.212-227-153-4.plesk.page\/hr\/wp-json\/wp\/v2\/product\/3688769\/revisions"}],"wp:featuredmedia":[{"embeddable":true,"href":"https:\/\/stoic-curie.212-227-153-4.plesk.page\/hr\/wp-json\/wp\/v2\/media\/5940330"}],"wp:attachment":[{"href":"https:\/\/stoic-curie.212-227-153-4.plesk.page\/hr\/wp-json\/wp\/v2\/media?parent=3688769"}],"wp:term":[{"taxonomy":"product_brand","embeddable":true,"href":"https:\/\/stoic-curie.212-227-153-4.plesk.page\/hr\/wp-json\/wp\/v2\/product_brand?post=3688769"},{"taxonomy":"product_cat","embeddable":true,"href":"https:\/\/stoic-curie.212-227-153-4.plesk.page\/hr\/wp-json\/wp\/v2\/product_cat?post=3688769"},{"taxonomy":"product_tag","embeddable":true,"href":"https:\/\/stoic-curie.212-227-153-4.plesk.page\/hr\/wp-json\/wp\/v2\/product_tag?post=3688769"}],"curies":[{"name":"wp","href":"https:\/\/api.w.org\/{rel}","templated":true}]}}