{"id":3688776,"date":"2025-10-13T13:35:42","date_gmt":"2025-10-13T17:35:42","guid":{"rendered":"https:\/\/stoic-curie.212-227-153-4.plesk.page\/product\/polirani-mesing-kapa-za-kormilo-490mm-650mm\/"},"modified":"2026-02-25T00:00:50","modified_gmt":"2026-02-25T00:00:50","slug":"polirani-mesing-kapa-za-kormilo-490mm-650mm","status":"publish","type":"product","link":"https:\/\/stoic-curie.212-227-153-4.plesk.page\/hr\/product\/polirani-mesing-kapa-za-kormilo-490mm-650mm\/","title":{"rendered":"Polirani mesing kapa za kormilo 490mm &#8211; 650mm"},"content":{"rendered":"<p>Polirani mesing kapa za kormilo 490mm &#8211; 650mm &#8211; <\/p>\n<p>Polirana mjedenja kapica i konusni reduktorski \u010dep za kormilarske kota\u010de. \u010cep smanjuje s 25 na 19 mm (s 1&#8243; na 3\/4&#8243;).<\/p>\n","protected":false},"excerpt":{"rendered":"<p>Polirani mesing kapa za kormilo 490mm &#8211; 650mm &#8211; Polirana mjedenja kapica i konusni reduktorski \u010dep za kormilarske kota\u010de. \u010cep<\/p>\n","protected":false},"featured_media":5940349,"comment_status":"closed","ping_status":"closed","template":"","meta":[],"product_brand":[3331],"product_cat":[1822],"product_tag":[],"class_list":{"0":"post-3688776","1":"product","2":"type-product","3":"status-publish","4":"has-post-thumbnail","6":"product_brand-savoretti-hr","7":"product_cat-kola-kormila","9":"first","10":"instock","11":"shipping-taxable","12":"purchasable","13":"product-type-simple"},"_links":{"self":[{"href":"https:\/\/stoic-curie.212-227-153-4.plesk.page\/hr\/wp-json\/wp\/v2\/product\/3688776","targetHints":{"allow":["GET"]}}],"collection":[{"href":"https:\/\/stoic-curie.212-227-153-4.plesk.page\/hr\/wp-json\/wp\/v2\/product"}],"about":[{"href":"https:\/\/stoic-curie.212-227-153-4.plesk.page\/hr\/wp-json\/wp\/v2\/types\/product"}],"replies":[{"embeddable":true,"href":"https:\/\/stoic-curie.212-227-153-4.plesk.page\/hr\/wp-json\/wp\/v2\/comments?post=3688776"}],"version-history":[{"count":0,"href":"https:\/\/stoic-curie.212-227-153-4.plesk.page\/hr\/wp-json\/wp\/v2\/product\/3688776\/revisions"}],"wp:featuredmedia":[{"embeddable":true,"href":"https:\/\/stoic-curie.212-227-153-4.plesk.page\/hr\/wp-json\/wp\/v2\/media\/5940349"}],"wp:attachment":[{"href":"https:\/\/stoic-curie.212-227-153-4.plesk.page\/hr\/wp-json\/wp\/v2\/media?parent=3688776"}],"wp:term":[{"taxonomy":"product_brand","embeddable":true,"href":"https:\/\/stoic-curie.212-227-153-4.plesk.page\/hr\/wp-json\/wp\/v2\/product_brand?post=3688776"},{"taxonomy":"product_cat","embeddable":true,"href":"https:\/\/stoic-curie.212-227-153-4.plesk.page\/hr\/wp-json\/wp\/v2\/product_cat?post=3688776"},{"taxonomy":"product_tag","embeddable":true,"href":"https:\/\/stoic-curie.212-227-153-4.plesk.page\/hr\/wp-json\/wp\/v2\/product_tag?post=3688776"}],"curies":[{"name":"wp","href":"https:\/\/api.w.org\/{rel}","templated":true}]}}