{"id":3688783,"date":"2025-10-13T13:35:44","date_gmt":"2025-10-13T17:35:44","guid":{"rendered":"https:\/\/stoic-curie.212-227-153-4.plesk.page\/product\/drvene-podlosci-za-zrcalo-340-x-h380-mm-kut-mm-20-1\/"},"modified":"2026-02-25T00:00:50","modified_gmt":"2026-02-25T00:00:50","slug":"drvene-podlosci-za-zrcalo-340-x-h380-mm-kut-mm-20-1","status":"publish","type":"product","link":"https:\/\/stoic-curie.212-227-153-4.plesk.page\/hr\/product\/drvene-podlosci-za-zrcalo-340-x-h380-mm-kut-mm-20-1\/","title":{"rendered":"Drvene podlo\u0161ci za zrcalo 340 x H380 mm (kut mm 20 <1)"},"content":{"rendered":"<p>Drvene podlo\u0161ci za zrcalo 340 x H380 mm (kut mm 20 <1) - \n\n<p>Plo\u010de od \u0161perplo\u010de s promjenjivom debljinom pod kutom. Za savr\u0161eno ravnote\u017eu motora.<\/p>\n","protected":false},"excerpt":{"rendered":"<p>Drvene podlo\u0161ci za zrcalo 340 x H380 mm (kut mm 20<\/p>\n","protected":false},"featured_media":5940381,"comment_status":"closed","ping_status":"closed","template":"","meta":[],"product_brand":[3236],"product_cat":[1827],"product_tag":[],"class_list":{"0":"post-3688783","1":"product","2":"type-product","3":"status-publish","4":"has-post-thumbnail","6":"product_brand-osculati-hr","7":"product_cat-dodatna-oprema-za-vanbrodske-motore","9":"first","10":"outofstock","11":"shipping-taxable","12":"purchasable","13":"product-type-simple"},"_links":{"self":[{"href":"https:\/\/stoic-curie.212-227-153-4.plesk.page\/hr\/wp-json\/wp\/v2\/product\/3688783","targetHints":{"allow":["GET"]}}],"collection":[{"href":"https:\/\/stoic-curie.212-227-153-4.plesk.page\/hr\/wp-json\/wp\/v2\/product"}],"about":[{"href":"https:\/\/stoic-curie.212-227-153-4.plesk.page\/hr\/wp-json\/wp\/v2\/types\/product"}],"replies":[{"embeddable":true,"href":"https:\/\/stoic-curie.212-227-153-4.plesk.page\/hr\/wp-json\/wp\/v2\/comments?post=3688783"}],"version-history":[{"count":0,"href":"https:\/\/stoic-curie.212-227-153-4.plesk.page\/hr\/wp-json\/wp\/v2\/product\/3688783\/revisions"}],"wp:featuredmedia":[{"embeddable":true,"href":"https:\/\/stoic-curie.212-227-153-4.plesk.page\/hr\/wp-json\/wp\/v2\/media\/5940381"}],"wp:attachment":[{"href":"https:\/\/stoic-curie.212-227-153-4.plesk.page\/hr\/wp-json\/wp\/v2\/media?parent=3688783"}],"wp:term":[{"taxonomy":"product_brand","embeddable":true,"href":"https:\/\/stoic-curie.212-227-153-4.plesk.page\/hr\/wp-json\/wp\/v2\/product_brand?post=3688783"},{"taxonomy":"product_cat","embeddable":true,"href":"https:\/\/stoic-curie.212-227-153-4.plesk.page\/hr\/wp-json\/wp\/v2\/product_cat?post=3688783"},{"taxonomy":"product_tag","embeddable":true,"href":"https:\/\/stoic-curie.212-227-153-4.plesk.page\/hr\/wp-json\/wp\/v2\/product_tag?post=3688783"}],"curies":[{"name":"wp","href":"https:\/\/api.w.org\/{rel}","templated":true}]}}