{"id":3688786,"date":"2025-10-13T13:35:45","date_gmt":"2025-10-13T17:35:45","guid":{"rendered":"https:\/\/stoic-curie.212-227-153-4.plesk.page\/product\/elektricno-ozicenje-6mt-za-tcd-quick-control-panels\/"},"modified":"2026-02-25T00:00:50","modified_gmt":"2026-02-25T00:00:50","slug":"elektricno-ozicenje-6mt-za-tcd-quick-control-panels","status":"publish","type":"product","link":"https:\/\/stoic-curie.212-227-153-4.plesk.page\/hr\/product\/elektricno-ozicenje-6mt-za-tcd-quick-control-panels\/","title":{"rendered":"Elektricno o\u017ei\u010denje 6mt za TCD Quick control panels"},"content":{"rendered":"<p>Elektricno o\u017ei\u010denje 6mt za TCD Quick control panels &#8211; <\/p>\n<p>TCD brza kontrolna plo\u010da s gumbima ili joystickovima za upravljanje propelerima bo\u010dnih potisnika. Jednostavno i intuitivno korisni\u010dko su\u010delje. Univerzalno napajanje 8-30 Vdc. Mogu\u0107nost povezivanja vi\u0161e TCD kontrola paralelno. Lako se instalira zahvaljuju\u0107i 2-\u017ei\u010danom konektoru (opcionalna produ\u017eetka). Automatski sustav prioriteta i onemogu\u0107avanja. Za\u0161tita od obrnutih polariteta, izlaza kratkog spoja, produ\u017eenog rada motora i prekida \u017eice kontrola potiskiva\u010da.<\/p>\n","protected":false},"excerpt":{"rendered":"<p>Elektricno o\u017ei\u010denje 6mt za TCD Quick control panels &#8211; TCD brza kontrolna plo\u010da s gumbima ili joystickovima za upravljanje propelerima<\/p>\n","protected":false},"featured_media":5940409,"comment_status":"closed","ping_status":"closed","template":"","meta":[],"product_brand":[3281],"product_cat":[1610],"product_tag":[],"class_list":{"0":"post-3688786","1":"product","2":"type-product","3":"status-publish","4":"has-post-thumbnail","6":"product_brand-quick-hr","7":"product_cat-pramcani-potisnici-quick","9":"first","10":"instock","11":"shipping-taxable","12":"purchasable","13":"product-type-simple"},"_links":{"self":[{"href":"https:\/\/stoic-curie.212-227-153-4.plesk.page\/hr\/wp-json\/wp\/v2\/product\/3688786","targetHints":{"allow":["GET"]}}],"collection":[{"href":"https:\/\/stoic-curie.212-227-153-4.plesk.page\/hr\/wp-json\/wp\/v2\/product"}],"about":[{"href":"https:\/\/stoic-curie.212-227-153-4.plesk.page\/hr\/wp-json\/wp\/v2\/types\/product"}],"replies":[{"embeddable":true,"href":"https:\/\/stoic-curie.212-227-153-4.plesk.page\/hr\/wp-json\/wp\/v2\/comments?post=3688786"}],"version-history":[{"count":0,"href":"https:\/\/stoic-curie.212-227-153-4.plesk.page\/hr\/wp-json\/wp\/v2\/product\/3688786\/revisions"}],"wp:featuredmedia":[{"embeddable":true,"href":"https:\/\/stoic-curie.212-227-153-4.plesk.page\/hr\/wp-json\/wp\/v2\/media\/5940409"}],"wp:attachment":[{"href":"https:\/\/stoic-curie.212-227-153-4.plesk.page\/hr\/wp-json\/wp\/v2\/media?parent=3688786"}],"wp:term":[{"taxonomy":"product_brand","embeddable":true,"href":"https:\/\/stoic-curie.212-227-153-4.plesk.page\/hr\/wp-json\/wp\/v2\/product_brand?post=3688786"},{"taxonomy":"product_cat","embeddable":true,"href":"https:\/\/stoic-curie.212-227-153-4.plesk.page\/hr\/wp-json\/wp\/v2\/product_cat?post=3688786"},{"taxonomy":"product_tag","embeddable":true,"href":"https:\/\/stoic-curie.212-227-153-4.plesk.page\/hr\/wp-json\/wp\/v2\/product_tag?post=3688786"}],"curies":[{"name":"wp","href":"https:\/\/api.w.org\/{rel}","templated":true}]}}