{"id":3688788,"date":"2025-10-13T13:35:46","date_gmt":"2025-10-13T17:35:46","guid":{"rendered":"https:\/\/stoic-curie.212-227-153-4.plesk.page\/product\/svjecica-ngk-b4h\/"},"modified":"2026-02-25T00:00:50","modified_gmt":"2026-02-25T00:00:50","slug":"svjecica-ngk-b4h","status":"publish","type":"product","link":"https:\/\/stoic-curie.212-227-153-4.plesk.page\/hr\/product\/svjecica-ngk-b4h\/","title":{"rendered":"Svje\u010dica NGK B4H"},"content":{"rendered":"<p>Svje\u010dica NGK B4H &#8211; <\/p>\n<p>Motomarine vs OEM tabela za usporedbu svje\u0107ica. Lijevi stupac sadr\u017ei Motomarine kodove svje\u0107ica. Desni stupac sadr\u017ei OEM kodove svje\u0107ica.<\/p>\n","protected":false},"excerpt":{"rendered":"<p>Svje\u010dica NGK B4H &#8211; Motomarine vs OEM tabela za usporedbu svje\u0107ica. Lijevi stupac sadr\u017ei Motomarine kodove svje\u0107ica. Desni stupac sadr\u017ei<\/p>\n","protected":false},"featured_media":5940460,"comment_status":"closed","ping_status":"closed","template":"","meta":[],"product_brand":[3191],"product_cat":[1819],"product_tag":[],"class_list":{"0":"post-3688788","1":"product","2":"type-product","3":"status-publish","4":"has-post-thumbnail","6":"product_brand-ngk-hr","7":"product_cat-brodske-svjecice","9":"first","10":"outofstock","11":"shipping-taxable","12":"purchasable","13":"product-type-simple"},"_links":{"self":[{"href":"https:\/\/stoic-curie.212-227-153-4.plesk.page\/hr\/wp-json\/wp\/v2\/product\/3688788","targetHints":{"allow":["GET"]}}],"collection":[{"href":"https:\/\/stoic-curie.212-227-153-4.plesk.page\/hr\/wp-json\/wp\/v2\/product"}],"about":[{"href":"https:\/\/stoic-curie.212-227-153-4.plesk.page\/hr\/wp-json\/wp\/v2\/types\/product"}],"replies":[{"embeddable":true,"href":"https:\/\/stoic-curie.212-227-153-4.plesk.page\/hr\/wp-json\/wp\/v2\/comments?post=3688788"}],"version-history":[{"count":0,"href":"https:\/\/stoic-curie.212-227-153-4.plesk.page\/hr\/wp-json\/wp\/v2\/product\/3688788\/revisions"}],"wp:featuredmedia":[{"embeddable":true,"href":"https:\/\/stoic-curie.212-227-153-4.plesk.page\/hr\/wp-json\/wp\/v2\/media\/5940460"}],"wp:attachment":[{"href":"https:\/\/stoic-curie.212-227-153-4.plesk.page\/hr\/wp-json\/wp\/v2\/media?parent=3688788"}],"wp:term":[{"taxonomy":"product_brand","embeddable":true,"href":"https:\/\/stoic-curie.212-227-153-4.plesk.page\/hr\/wp-json\/wp\/v2\/product_brand?post=3688788"},{"taxonomy":"product_cat","embeddable":true,"href":"https:\/\/stoic-curie.212-227-153-4.plesk.page\/hr\/wp-json\/wp\/v2\/product_cat?post=3688788"},{"taxonomy":"product_tag","embeddable":true,"href":"https:\/\/stoic-curie.212-227-153-4.plesk.page\/hr\/wp-json\/wp\/v2\/product_tag?post=3688788"}],"curies":[{"name":"wp","href":"https:\/\/api.w.org\/{rel}","templated":true}]}}