{"id":3688808,"date":"2025-10-13T13:35:51","date_gmt":"2025-10-13T17:35:51","guid":{"rendered":"https:\/\/stoic-curie.212-227-153-4.plesk.page\/product\/univerzalni-prikljucak-crijeva-vetus-od-13-do-38-mm\/"},"modified":"2026-02-25T00:00:50","modified_gmt":"2026-02-25T00:00:50","slug":"univerzalni-prikljucak-crijeva-vetus-od-13-do-38-mm","status":"publish","type":"product","link":"https:\/\/stoic-curie.212-227-153-4.plesk.page\/hr\/product\/univerzalni-prikljucak-crijeva-vetus-od-13-do-38-mm\/","title":{"rendered":"Univerzalni priklju\u010dak crijeva Vetus od 13 do 38 mm"},"content":{"rendered":"<p>Univerzalni priklju\u010dak crijeva Vetus od 13 do 38 mm &#8211; <\/p>\n<p>Plasti\u010dne vi\u0161estruke spojnice. Izre\u017eite prema potrebi prema promjeru crijeva.<\/p>\n","protected":false},"excerpt":{"rendered":"<p>Univerzalni priklju\u010dak crijeva Vetus od 13 do 38 mm &#8211; Plasti\u010dne vi\u0161estruke spojnice. Izre\u017eite prema potrebi prema promjeru crijeva.<\/p>\n","protected":false},"featured_media":5940552,"comment_status":"closed","ping_status":"closed","template":"","meta":[],"product_brand":[3521],"product_cat":[1661,1794],"product_tag":[],"class_list":{"0":"post-3688808","1":"product","2":"type-product","3":"status-publish","4":"has-post-thumbnail","6":"product_brand-vetus-hr","7":"product_cat-elementi-brodskog-vovovoda-plastika","8":"product_cat-ispusne-vode-i-prigusivaci","10":"first","11":"instock","12":"shipping-taxable","13":"purchasable","14":"product-type-simple"},"_links":{"self":[{"href":"https:\/\/stoic-curie.212-227-153-4.plesk.page\/hr\/wp-json\/wp\/v2\/product\/3688808","targetHints":{"allow":["GET"]}}],"collection":[{"href":"https:\/\/stoic-curie.212-227-153-4.plesk.page\/hr\/wp-json\/wp\/v2\/product"}],"about":[{"href":"https:\/\/stoic-curie.212-227-153-4.plesk.page\/hr\/wp-json\/wp\/v2\/types\/product"}],"replies":[{"embeddable":true,"href":"https:\/\/stoic-curie.212-227-153-4.plesk.page\/hr\/wp-json\/wp\/v2\/comments?post=3688808"}],"version-history":[{"count":0,"href":"https:\/\/stoic-curie.212-227-153-4.plesk.page\/hr\/wp-json\/wp\/v2\/product\/3688808\/revisions"}],"wp:featuredmedia":[{"embeddable":true,"href":"https:\/\/stoic-curie.212-227-153-4.plesk.page\/hr\/wp-json\/wp\/v2\/media\/5940552"}],"wp:attachment":[{"href":"https:\/\/stoic-curie.212-227-153-4.plesk.page\/hr\/wp-json\/wp\/v2\/media?parent=3688808"}],"wp:term":[{"taxonomy":"product_brand","embeddable":true,"href":"https:\/\/stoic-curie.212-227-153-4.plesk.page\/hr\/wp-json\/wp\/v2\/product_brand?post=3688808"},{"taxonomy":"product_cat","embeddable":true,"href":"https:\/\/stoic-curie.212-227-153-4.plesk.page\/hr\/wp-json\/wp\/v2\/product_cat?post=3688808"},{"taxonomy":"product_tag","embeddable":true,"href":"https:\/\/stoic-curie.212-227-153-4.plesk.page\/hr\/wp-json\/wp\/v2\/product_tag?post=3688808"}],"curies":[{"name":"wp","href":"https:\/\/api.w.org\/{rel}","templated":true}]}}