{"id":3688853,"date":"2025-10-13T13:36:03","date_gmt":"2025-10-13T17:36:03","guid":{"rendered":"https:\/\/stoic-curie.212-227-153-4.plesk.page\/product\/dvostruka-spojnica-za-2-mm-kabel-nehrdajuci-celik\/"},"modified":"2026-02-25T00:00:50","modified_gmt":"2026-02-25T00:00:50","slug":"dvostruka-spojnica-za-2-mm-kabel-nehrdajuci-celik","status":"publish","type":"product","link":"https:\/\/stoic-curie.212-227-153-4.plesk.page\/hr\/product\/dvostruka-spojnica-za-2-mm-kabel-nehrdajuci-celik\/","title":{"rendered":"Dvostruka spojnica za 2 mm kabel, nehr\u0111aju\u0107i \u010delik"},"content":{"rendered":"<p>Dvostruka spojnica za 2 mm kabel, nehr\u0111aju\u0107i \u010delik &#8211; <\/p>\n<p>Ravne duple stezaljke od nehr\u0111aju\u0107eg \u010delika za \u017ei\u010dne u\u017ead.<\/p>\n","protected":false},"excerpt":{"rendered":"<p>Dvostruka spojnica za 2 mm kabel, nehr\u0111aju\u0107i \u010delik &#8211; Ravne duple stezaljke od nehr\u0111aju\u0107eg \u010delika za \u017ei\u010dne u\u017ead.<\/p>\n","protected":false},"featured_media":5940612,"comment_status":"closed","ping_status":"closed","template":"","meta":[],"product_brand":[3121],"product_cat":[1696,1690],"product_tag":[],"class_list":{"0":"post-3688853","1":"product","2":"type-product","3":"status-publish","4":"has-post-thumbnail","6":"product_brand-marinetech-hr","7":"product_cat-nehrdajuci-kabelski-terminali","8":"product_cat-stezalice-i-bakreni-rukavi-za-celicnu-uzad","10":"first","11":"instock","12":"shipping-taxable","13":"purchasable","14":"product-type-simple"},"_links":{"self":[{"href":"https:\/\/stoic-curie.212-227-153-4.plesk.page\/hr\/wp-json\/wp\/v2\/product\/3688853","targetHints":{"allow":["GET"]}}],"collection":[{"href":"https:\/\/stoic-curie.212-227-153-4.plesk.page\/hr\/wp-json\/wp\/v2\/product"}],"about":[{"href":"https:\/\/stoic-curie.212-227-153-4.plesk.page\/hr\/wp-json\/wp\/v2\/types\/product"}],"replies":[{"embeddable":true,"href":"https:\/\/stoic-curie.212-227-153-4.plesk.page\/hr\/wp-json\/wp\/v2\/comments?post=3688853"}],"version-history":[{"count":0,"href":"https:\/\/stoic-curie.212-227-153-4.plesk.page\/hr\/wp-json\/wp\/v2\/product\/3688853\/revisions"}],"wp:featuredmedia":[{"embeddable":true,"href":"https:\/\/stoic-curie.212-227-153-4.plesk.page\/hr\/wp-json\/wp\/v2\/media\/5940612"}],"wp:attachment":[{"href":"https:\/\/stoic-curie.212-227-153-4.plesk.page\/hr\/wp-json\/wp\/v2\/media?parent=3688853"}],"wp:term":[{"taxonomy":"product_brand","embeddable":true,"href":"https:\/\/stoic-curie.212-227-153-4.plesk.page\/hr\/wp-json\/wp\/v2\/product_brand?post=3688853"},{"taxonomy":"product_cat","embeddable":true,"href":"https:\/\/stoic-curie.212-227-153-4.plesk.page\/hr\/wp-json\/wp\/v2\/product_cat?post=3688853"},{"taxonomy":"product_tag","embeddable":true,"href":"https:\/\/stoic-curie.212-227-153-4.plesk.page\/hr\/wp-json\/wp\/v2\/product_tag?post=3688853"}],"curies":[{"name":"wp","href":"https:\/\/api.w.org\/{rel}","templated":true}]}}