{"id":3688862,"date":"2025-10-13T13:36:05","date_gmt":"2025-10-13T17:36:05","guid":{"rendered":"https:\/\/stoic-curie.212-227-153-4.plesk.page\/product\/radanca-od-nehrdajuceg-celika-2-mm\/"},"modified":"2026-02-25T00:00:50","modified_gmt":"2026-02-25T00:00:50","slug":"radanca-od-nehrdajuceg-celika-2-mm","status":"publish","type":"product","link":"https:\/\/stoic-curie.212-227-153-4.plesk.page\/hr\/product\/radanca-od-nehrdajuceg-celika-2-mm\/","title":{"rendered":"Radan\u010da od nehr\u0111aju\u0107eg \u010delika 2 mm"},"content":{"rendered":"<p>Radan\u010da od nehr\u0111aju\u0107eg \u010delika 2 mm &#8211; <\/p>\n<p>AISI 316 \u010deli\u010dne prstenove. Sprje\u010davaju tro\u0161enje u\u017eadi i \u017eica.<\/p>\n","protected":false},"excerpt":{"rendered":"<p>Radan\u010da od nehr\u0111aju\u0107eg \u010delika 2 mm &#8211; AISI 316 \u010deli\u010dne prstenove. Sprje\u010davaju tro\u0161enje u\u017eadi i \u017eica.<\/p>\n","protected":false},"featured_media":5940623,"comment_status":"closed","ping_status":"closed","template":"","meta":[],"product_brand":[3121],"product_cat":[1613,1696,1690],"product_tag":[],"class_list":{"0":"post-3688862","1":"product","2":"type-product","3":"status-publish","4":"has-post-thumbnail","6":"product_brand-marinetech-hr","7":"product_cat-alati-za-rezanje","8":"product_cat-nehrdajuci-kabelski-terminali","9":"product_cat-stezalice-i-bakreni-rukavi-za-celicnu-uzad","11":"first","12":"instock","13":"shipping-taxable","14":"purchasable","15":"product-type-simple"},"_links":{"self":[{"href":"https:\/\/stoic-curie.212-227-153-4.plesk.page\/hr\/wp-json\/wp\/v2\/product\/3688862","targetHints":{"allow":["GET"]}}],"collection":[{"href":"https:\/\/stoic-curie.212-227-153-4.plesk.page\/hr\/wp-json\/wp\/v2\/product"}],"about":[{"href":"https:\/\/stoic-curie.212-227-153-4.plesk.page\/hr\/wp-json\/wp\/v2\/types\/product"}],"replies":[{"embeddable":true,"href":"https:\/\/stoic-curie.212-227-153-4.plesk.page\/hr\/wp-json\/wp\/v2\/comments?post=3688862"}],"version-history":[{"count":0,"href":"https:\/\/stoic-curie.212-227-153-4.plesk.page\/hr\/wp-json\/wp\/v2\/product\/3688862\/revisions"}],"wp:featuredmedia":[{"embeddable":true,"href":"https:\/\/stoic-curie.212-227-153-4.plesk.page\/hr\/wp-json\/wp\/v2\/media\/5940623"}],"wp:attachment":[{"href":"https:\/\/stoic-curie.212-227-153-4.plesk.page\/hr\/wp-json\/wp\/v2\/media?parent=3688862"}],"wp:term":[{"taxonomy":"product_brand","embeddable":true,"href":"https:\/\/stoic-curie.212-227-153-4.plesk.page\/hr\/wp-json\/wp\/v2\/product_brand?post=3688862"},{"taxonomy":"product_cat","embeddable":true,"href":"https:\/\/stoic-curie.212-227-153-4.plesk.page\/hr\/wp-json\/wp\/v2\/product_cat?post=3688862"},{"taxonomy":"product_tag","embeddable":true,"href":"https:\/\/stoic-curie.212-227-153-4.plesk.page\/hr\/wp-json\/wp\/v2\/product_tag?post=3688862"}],"curies":[{"name":"wp","href":"https:\/\/api.w.org\/{rel}","templated":true}]}}