{"id":3688900,"date":"2025-10-13T13:36:15","date_gmt":"2025-10-13T17:36:15","guid":{"rendered":"https:\/\/stoic-curie.212-227-153-4.plesk.page\/product\/litij-bijela-mast-500-ml\/"},"modified":"2026-02-25T00:00:50","modified_gmt":"2026-02-25T00:00:50","slug":"litij-bijela-mast-500-ml","status":"publish","type":"product","link":"https:\/\/stoic-curie.212-227-153-4.plesk.page\/hr\/product\/litij-bijela-mast-500-ml\/","title":{"rendered":"Litij-bijela mast 500 ml"},"content":{"rendered":"<p>Litij-bijela mast 500 ml &#8211; <\/p>\n<p>Visoko adhezivna, postojana, ne razmazuju\u0107a bijela litijeva mast. Podmazuje i \u0161titi od korozije, otporna je na vodu i prskanje mora te na centrifugaciju. Namijenjena je nekrivljenim zup\u010danicima, neza\u0161ti\u0107enim vijcima, le\u017eajevima, kabelima daljinskog upravlja\u010da i upravlja\u010dkim sustavima.<\/p>\n","protected":false},"excerpt":{"rendered":"<p>Litij-bijela mast 500 ml &#8211; Visoko adhezivna, postojana, ne razmazuju\u0107a bijela litijeva mast. Podmazuje i \u0161titi od korozije, otporna je<\/p>\n","protected":false},"featured_media":5940677,"comment_status":"closed","ping_status":"closed","template":"","meta":[],"product_brand":[2871],"product_cat":[1795],"product_tag":[],"class_list":{"0":"post-3688900","1":"product","2":"type-product","3":"status-publish","4":"has-post-thumbnail","6":"product_brand-crc-marine-hr","7":"product_cat-brodska-maziva","9":"first","10":"instock","11":"shipping-taxable","12":"purchasable","13":"product-type-simple"},"_links":{"self":[{"href":"https:\/\/stoic-curie.212-227-153-4.plesk.page\/hr\/wp-json\/wp\/v2\/product\/3688900","targetHints":{"allow":["GET"]}}],"collection":[{"href":"https:\/\/stoic-curie.212-227-153-4.plesk.page\/hr\/wp-json\/wp\/v2\/product"}],"about":[{"href":"https:\/\/stoic-curie.212-227-153-4.plesk.page\/hr\/wp-json\/wp\/v2\/types\/product"}],"replies":[{"embeddable":true,"href":"https:\/\/stoic-curie.212-227-153-4.plesk.page\/hr\/wp-json\/wp\/v2\/comments?post=3688900"}],"version-history":[{"count":0,"href":"https:\/\/stoic-curie.212-227-153-4.plesk.page\/hr\/wp-json\/wp\/v2\/product\/3688900\/revisions"}],"wp:featuredmedia":[{"embeddable":true,"href":"https:\/\/stoic-curie.212-227-153-4.plesk.page\/hr\/wp-json\/wp\/v2\/media\/5940677"}],"wp:attachment":[{"href":"https:\/\/stoic-curie.212-227-153-4.plesk.page\/hr\/wp-json\/wp\/v2\/media?parent=3688900"}],"wp:term":[{"taxonomy":"product_brand","embeddable":true,"href":"https:\/\/stoic-curie.212-227-153-4.plesk.page\/hr\/wp-json\/wp\/v2\/product_brand?post=3688900"},{"taxonomy":"product_cat","embeddable":true,"href":"https:\/\/stoic-curie.212-227-153-4.plesk.page\/hr\/wp-json\/wp\/v2\/product_cat?post=3688900"},{"taxonomy":"product_tag","embeddable":true,"href":"https:\/\/stoic-curie.212-227-153-4.plesk.page\/hr\/wp-json\/wp\/v2\/product_tag?post=3688900"}],"curies":[{"name":"wp","href":"https:\/\/api.w.org\/{rel}","templated":true}]}}