{"id":3688902,"date":"2025-10-13T13:36:16","date_gmt":"2025-10-13T17:36:16","guid":{"rendered":"https:\/\/stoic-curie.212-227-153-4.plesk.page\/product\/brodska-mast-250-ml\/"},"modified":"2026-02-25T00:00:50","modified_gmt":"2026-02-25T00:00:50","slug":"brodska-mast-250-ml","status":"publish","type":"product","link":"https:\/\/stoic-curie.212-227-153-4.plesk.page\/hr\/product\/brodska-mast-250-ml\/","title":{"rendered":"Brodska mast 250 ml"},"content":{"rendered":"<p>Brodska mast 250 ml &#8211; <\/p>\n<p>Odli\u010dna prionljivost, mast na bazi cinka preporu\u010dena za za\u0161titu, podmazivanje i izbjegavanje zaglavljivanja matica, terminala baterija, brava i opreme koja radi u korozivnim okru\u017eenjima i pod djelovanjem pranja vodom.<\/p>\n","protected":false},"excerpt":{"rendered":"<p>Brodska mast 250 ml &#8211; Odli\u010dna prionljivost, mast na bazi cinka preporu\u010dena za za\u0161titu, podmazivanje i izbjegavanje zaglavljivanja matica, terminala<\/p>\n","protected":false},"featured_media":5940678,"comment_status":"closed","ping_status":"closed","template":"","meta":[],"product_brand":[3401],"product_cat":[1795,1626],"product_tag":[],"class_list":{"0":"post-3688902","1":"product","2":"type-product","3":"status-publish","4":"has-post-thumbnail","6":"product_brand-silpar-tk-hr","7":"product_cat-brodska-maziva","8":"product_cat-proizvodi-za-odrzavanje","10":"first","11":"instock","12":"shipping-taxable","13":"purchasable","14":"product-type-simple"},"_links":{"self":[{"href":"https:\/\/stoic-curie.212-227-153-4.plesk.page\/hr\/wp-json\/wp\/v2\/product\/3688902","targetHints":{"allow":["GET"]}}],"collection":[{"href":"https:\/\/stoic-curie.212-227-153-4.plesk.page\/hr\/wp-json\/wp\/v2\/product"}],"about":[{"href":"https:\/\/stoic-curie.212-227-153-4.plesk.page\/hr\/wp-json\/wp\/v2\/types\/product"}],"replies":[{"embeddable":true,"href":"https:\/\/stoic-curie.212-227-153-4.plesk.page\/hr\/wp-json\/wp\/v2\/comments?post=3688902"}],"version-history":[{"count":0,"href":"https:\/\/stoic-curie.212-227-153-4.plesk.page\/hr\/wp-json\/wp\/v2\/product\/3688902\/revisions"}],"wp:featuredmedia":[{"embeddable":true,"href":"https:\/\/stoic-curie.212-227-153-4.plesk.page\/hr\/wp-json\/wp\/v2\/media\/5940678"}],"wp:attachment":[{"href":"https:\/\/stoic-curie.212-227-153-4.plesk.page\/hr\/wp-json\/wp\/v2\/media?parent=3688902"}],"wp:term":[{"taxonomy":"product_brand","embeddable":true,"href":"https:\/\/stoic-curie.212-227-153-4.plesk.page\/hr\/wp-json\/wp\/v2\/product_brand?post=3688902"},{"taxonomy":"product_cat","embeddable":true,"href":"https:\/\/stoic-curie.212-227-153-4.plesk.page\/hr\/wp-json\/wp\/v2\/product_cat?post=3688902"},{"taxonomy":"product_tag","embeddable":true,"href":"https:\/\/stoic-curie.212-227-153-4.plesk.page\/hr\/wp-json\/wp\/v2\/product_tag?post=3688902"}],"curies":[{"name":"wp","href":"https:\/\/api.w.org\/{rel}","templated":true}]}}