{"id":3688905,"date":"2025-10-13T13:36:17","date_gmt":"2025-10-13T17:36:17","guid":{"rendered":"https:\/\/stoic-curie.212-227-153-4.plesk.page\/product\/mast-za-supernicu-30-ml\/"},"modified":"2026-02-25T00:00:51","modified_gmt":"2026-02-25T00:00:51","slug":"mast-za-supernicu-30-ml","status":"publish","type":"product","link":"https:\/\/stoic-curie.212-227-153-4.plesk.page\/hr\/product\/mast-za-supernicu-30-ml\/","title":{"rendered":"Mast za \u0161upernicu 30 ml"},"content":{"rendered":"<p>Mast za \u0161upernicu 30 ml &#8211; <\/p>\n<p>Specifi\u010dno sredstvo za podmazivanje za brtve propellerske osovine. Odr\u017eava gumene brtve nepromijenjenima tijekom vremena, produ\u017euju\u0107i njihov vijek trajanja.<\/p>\n","protected":false},"excerpt":{"rendered":"<p>Mast za \u0161upernicu 30 ml &#8211; Specifi\u010dno sredstvo za podmazivanje za brtve propellerske osovine. Odr\u017eava gumene brtve nepromijenjenima tijekom vremena,<\/p>\n","protected":false},"featured_media":5940681,"comment_status":"closed","ping_status":"closed","template":"","meta":[],"product_brand":[2916],"product_cat":[1795,1808],"product_tag":[],"class_list":{"0":"post-3688905","1":"product","2":"type-product","3":"status-publish","4":"has-post-thumbnail","6":"product_brand-eliche-radice-hr","7":"product_cat-brodska-maziva","8":"product_cat-brtve-osovine-propelera","10":"first","11":"instock","12":"shipping-taxable","13":"purchasable","14":"product-type-simple"},"_links":{"self":[{"href":"https:\/\/stoic-curie.212-227-153-4.plesk.page\/hr\/wp-json\/wp\/v2\/product\/3688905","targetHints":{"allow":["GET"]}}],"collection":[{"href":"https:\/\/stoic-curie.212-227-153-4.plesk.page\/hr\/wp-json\/wp\/v2\/product"}],"about":[{"href":"https:\/\/stoic-curie.212-227-153-4.plesk.page\/hr\/wp-json\/wp\/v2\/types\/product"}],"replies":[{"embeddable":true,"href":"https:\/\/stoic-curie.212-227-153-4.plesk.page\/hr\/wp-json\/wp\/v2\/comments?post=3688905"}],"version-history":[{"count":0,"href":"https:\/\/stoic-curie.212-227-153-4.plesk.page\/hr\/wp-json\/wp\/v2\/product\/3688905\/revisions"}],"wp:featuredmedia":[{"embeddable":true,"href":"https:\/\/stoic-curie.212-227-153-4.plesk.page\/hr\/wp-json\/wp\/v2\/media\/5940681"}],"wp:attachment":[{"href":"https:\/\/stoic-curie.212-227-153-4.plesk.page\/hr\/wp-json\/wp\/v2\/media?parent=3688905"}],"wp:term":[{"taxonomy":"product_brand","embeddable":true,"href":"https:\/\/stoic-curie.212-227-153-4.plesk.page\/hr\/wp-json\/wp\/v2\/product_brand?post=3688905"},{"taxonomy":"product_cat","embeddable":true,"href":"https:\/\/stoic-curie.212-227-153-4.plesk.page\/hr\/wp-json\/wp\/v2\/product_cat?post=3688905"},{"taxonomy":"product_tag","embeddable":true,"href":"https:\/\/stoic-curie.212-227-153-4.plesk.page\/hr\/wp-json\/wp\/v2\/product_tag?post=3688905"}],"curies":[{"name":"wp","href":"https:\/\/api.w.org\/{rel}","templated":true}]}}