{"id":3688907,"date":"2025-10-13T13:36:17","date_gmt":"2025-10-13T17:36:17","guid":{"rendered":"https:\/\/stoic-curie.212-227-153-4.plesk.page\/product\/quicksilver-power-tune-detergent-za-ciscenje-motora-369g\/"},"modified":"2026-02-25T00:00:51","modified_gmt":"2026-02-25T00:00:51","slug":"quicksilver-power-tune-detergent-za-ciscenje-motora-369g","status":"publish","type":"product","link":"https:\/\/stoic-curie.212-227-153-4.plesk.page\/hr\/product\/quicksilver-power-tune-detergent-za-ciscenje-motora-369g\/","title":{"rendered":"Quicksilver power tune detergent za \u010di\u0161cenje motora 369g"},"content":{"rendered":"<p>Quicksilver power tune detergent za \u010di\u0161cenje motora 369g &#8211; <\/p>\n<p>Prodiru\u0107i sprej sredstvo za \u010di\u0161\u0107enje specifi\u010dno za dubinsko \u010di\u0161\u0107enje motora, karburatora, injektora i njihovih mehani\u010dkih dijelova.<\/p>\n","protected":false},"excerpt":{"rendered":"<p>Quicksilver power tune detergent za \u010di\u0161cenje motora 369g &#8211; Prodiru\u0107i sprej sredstvo za \u010di\u0161\u0107enje specifi\u010dno za dubinsko \u010di\u0161\u0107enje motora, karburatora,<\/p>\n","protected":false},"featured_media":5940683,"comment_status":"closed","ping_status":"closed","template":"","meta":[],"product_brand":[3286],"product_cat":[1793],"product_tag":[],"class_list":{"0":"post-3688907","1":"product","2":"type-product","3":"status-publish","4":"has-post-thumbnail","6":"product_brand-quicksilver-hr","7":"product_cat-aditivi-za-brodski-motor","9":"first","10":"instock","11":"shipping-taxable","12":"purchasable","13":"product-type-simple"},"_links":{"self":[{"href":"https:\/\/stoic-curie.212-227-153-4.plesk.page\/hr\/wp-json\/wp\/v2\/product\/3688907","targetHints":{"allow":["GET"]}}],"collection":[{"href":"https:\/\/stoic-curie.212-227-153-4.plesk.page\/hr\/wp-json\/wp\/v2\/product"}],"about":[{"href":"https:\/\/stoic-curie.212-227-153-4.plesk.page\/hr\/wp-json\/wp\/v2\/types\/product"}],"replies":[{"embeddable":true,"href":"https:\/\/stoic-curie.212-227-153-4.plesk.page\/hr\/wp-json\/wp\/v2\/comments?post=3688907"}],"version-history":[{"count":0,"href":"https:\/\/stoic-curie.212-227-153-4.plesk.page\/hr\/wp-json\/wp\/v2\/product\/3688907\/revisions"}],"wp:featuredmedia":[{"embeddable":true,"href":"https:\/\/stoic-curie.212-227-153-4.plesk.page\/hr\/wp-json\/wp\/v2\/media\/5940683"}],"wp:attachment":[{"href":"https:\/\/stoic-curie.212-227-153-4.plesk.page\/hr\/wp-json\/wp\/v2\/media?parent=3688907"}],"wp:term":[{"taxonomy":"product_brand","embeddable":true,"href":"https:\/\/stoic-curie.212-227-153-4.plesk.page\/hr\/wp-json\/wp\/v2\/product_brand?post=3688907"},{"taxonomy":"product_cat","embeddable":true,"href":"https:\/\/stoic-curie.212-227-153-4.plesk.page\/hr\/wp-json\/wp\/v2\/product_cat?post=3688907"},{"taxonomy":"product_tag","embeddable":true,"href":"https:\/\/stoic-curie.212-227-153-4.plesk.page\/hr\/wp-json\/wp\/v2\/product_tag?post=3688907"}],"curies":[{"name":"wp","href":"https:\/\/api.w.org\/{rel}","templated":true}]}}