{"id":3688910,"date":"2025-10-13T13:36:18","date_gmt":"2025-10-13T17:36:18","guid":{"rendered":"https:\/\/stoic-curie.212-227-153-4.plesk.page\/product\/produzna-cetka-za-pranje-boat-line-100-180cm\/"},"modified":"2026-02-25T00:00:51","modified_gmt":"2026-02-25T00:00:51","slug":"produzna-cetka-za-pranje-boat-line-100-180cm","status":"publish","type":"product","link":"https:\/\/stoic-curie.212-227-153-4.plesk.page\/hr\/product\/produzna-cetka-za-pranje-boat-line-100-180cm\/","title":{"rendered":"Produ\u017ena cetka za pranje &#8220;Boat Line&#8221;; 100-180cm"},"content":{"rendered":"<p>Produ\u017ena cetka za pranje &#8220;Boat Line&#8221;; 100-180cm &#8211; <\/p>\n<p>\u010cetka za tu\u0161iranje od polipropilena s visokokvalitetnim PVC vlaknima. Anodizirana aluminijska ru\u010dka koja se mo\u017ee produ\u017eiti do 180 cm s mekim pjenastim gripom. Univerzalni priklju\u010dak za crijevo s podesivim ventilom protoka.<\/p>\n","protected":false},"excerpt":{"rendered":"<p>Produ\u017ena cetka za pranje &#8220;Boat Line&#8221;; 100-180cm &#8211; \u010cetka za tu\u0161iranje od polipropilena s visokokvalitetnim PVC vlaknima. Anodizirana aluminijska ru\u010dka<\/p>\n","protected":false},"featured_media":5940686,"comment_status":"closed","ping_status":"closed","template":"","meta":[],"product_brand":[3491],"product_cat":[1633],"product_tag":[],"class_list":{"0":"post-3688910","1":"product","2":"type-product","3":"status-publish","4":"has-post-thumbnail","6":"product_brand-trem-hr","7":"product_cat-cetke-za-ciscenje","9":"first","10":"instock","11":"shipping-taxable","12":"purchasable","13":"product-type-simple"},"_links":{"self":[{"href":"https:\/\/stoic-curie.212-227-153-4.plesk.page\/hr\/wp-json\/wp\/v2\/product\/3688910","targetHints":{"allow":["GET"]}}],"collection":[{"href":"https:\/\/stoic-curie.212-227-153-4.plesk.page\/hr\/wp-json\/wp\/v2\/product"}],"about":[{"href":"https:\/\/stoic-curie.212-227-153-4.plesk.page\/hr\/wp-json\/wp\/v2\/types\/product"}],"replies":[{"embeddable":true,"href":"https:\/\/stoic-curie.212-227-153-4.plesk.page\/hr\/wp-json\/wp\/v2\/comments?post=3688910"}],"version-history":[{"count":0,"href":"https:\/\/stoic-curie.212-227-153-4.plesk.page\/hr\/wp-json\/wp\/v2\/product\/3688910\/revisions"}],"wp:featuredmedia":[{"embeddable":true,"href":"https:\/\/stoic-curie.212-227-153-4.plesk.page\/hr\/wp-json\/wp\/v2\/media\/5940686"}],"wp:attachment":[{"href":"https:\/\/stoic-curie.212-227-153-4.plesk.page\/hr\/wp-json\/wp\/v2\/media?parent=3688910"}],"wp:term":[{"taxonomy":"product_brand","embeddable":true,"href":"https:\/\/stoic-curie.212-227-153-4.plesk.page\/hr\/wp-json\/wp\/v2\/product_brand?post=3688910"},{"taxonomy":"product_cat","embeddable":true,"href":"https:\/\/stoic-curie.212-227-153-4.plesk.page\/hr\/wp-json\/wp\/v2\/product_cat?post=3688910"},{"taxonomy":"product_tag","embeddable":true,"href":"https:\/\/stoic-curie.212-227-153-4.plesk.page\/hr\/wp-json\/wp\/v2\/product_tag?post=3688910"}],"curies":[{"name":"wp","href":"https:\/\/api.w.org\/{rel}","templated":true}]}}