{"id":3688911,"date":"2025-10-13T13:36:18","date_gmt":"2025-10-13T17:36:18","guid":{"rendered":"https:\/\/stoic-curie.212-227-153-4.plesk.page\/product\/star-brite-aluminijska-teleskopska-drska-94-183cm\/"},"modified":"2026-02-25T00:00:51","modified_gmt":"2026-02-25T00:00:51","slug":"star-brite-aluminijska-teleskopska-drska-94-183cm","status":"publish","type":"product","link":"https:\/\/stoic-curie.212-227-153-4.plesk.page\/hr\/product\/star-brite-aluminijska-teleskopska-drska-94-183cm\/","title":{"rendered":"Star Brite aluminijska teleskopska dr\u0161ka 94 &#8211; 183cm"},"content":{"rendered":"<p>Star Brite aluminijska teleskopska dr\u0161ka 94 &#8211; 183cm &#8211; <\/p>\n<p>Aeronauti\u010dke teleskopske ru\u010dke od anodiziranog aluminija s protukliznim ru\u010dkama i &#8220;twist-lock&#8221; uti\u010dnicama za Star Brite \u010detke. Dugme od nehr\u0111aju\u0107eg \u010delika za trenutnu vezu\/isklju\u010divanje \u010detki. Verzijja Extend Wash ima priklju\u010dak za crijevo za vodu i ventil.<\/p>\n","protected":false},"excerpt":{"rendered":"<p>Star Brite aluminijska teleskopska dr\u0161ka 94 &#8211; 183cm &#8211; Aeronauti\u010dke teleskopske ru\u010dke od anodiziranog aluminija s protukliznim ru\u010dkama i &#8220;twist-lock&#8221;<\/p>\n","protected":false},"featured_media":5940692,"comment_status":"closed","ping_status":"closed","template":"","meta":[],"product_brand":[3436],"product_cat":[1633],"product_tag":[],"class_list":{"0":"post-3688911","1":"product","2":"type-product","3":"status-publish","4":"has-post-thumbnail","6":"product_brand-starbrite-hr","7":"product_cat-cetke-za-ciscenje","9":"first","10":"instock","11":"shipping-taxable","12":"purchasable","13":"product-type-simple"},"_links":{"self":[{"href":"https:\/\/stoic-curie.212-227-153-4.plesk.page\/hr\/wp-json\/wp\/v2\/product\/3688911","targetHints":{"allow":["GET"]}}],"collection":[{"href":"https:\/\/stoic-curie.212-227-153-4.plesk.page\/hr\/wp-json\/wp\/v2\/product"}],"about":[{"href":"https:\/\/stoic-curie.212-227-153-4.plesk.page\/hr\/wp-json\/wp\/v2\/types\/product"}],"replies":[{"embeddable":true,"href":"https:\/\/stoic-curie.212-227-153-4.plesk.page\/hr\/wp-json\/wp\/v2\/comments?post=3688911"}],"version-history":[{"count":0,"href":"https:\/\/stoic-curie.212-227-153-4.plesk.page\/hr\/wp-json\/wp\/v2\/product\/3688911\/revisions"}],"wp:featuredmedia":[{"embeddable":true,"href":"https:\/\/stoic-curie.212-227-153-4.plesk.page\/hr\/wp-json\/wp\/v2\/media\/5940692"}],"wp:attachment":[{"href":"https:\/\/stoic-curie.212-227-153-4.plesk.page\/hr\/wp-json\/wp\/v2\/media?parent=3688911"}],"wp:term":[{"taxonomy":"product_brand","embeddable":true,"href":"https:\/\/stoic-curie.212-227-153-4.plesk.page\/hr\/wp-json\/wp\/v2\/product_brand?post=3688911"},{"taxonomy":"product_cat","embeddable":true,"href":"https:\/\/stoic-curie.212-227-153-4.plesk.page\/hr\/wp-json\/wp\/v2\/product_cat?post=3688911"},{"taxonomy":"product_tag","embeddable":true,"href":"https:\/\/stoic-curie.212-227-153-4.plesk.page\/hr\/wp-json\/wp\/v2\/product_tag?post=3688911"}],"curies":[{"name":"wp","href":"https:\/\/api.w.org\/{rel}","templated":true}]}}