{"id":3688913,"date":"2025-10-13T13:36:19","date_gmt":"2025-10-13T17:36:19","guid":{"rendered":"https:\/\/stoic-curie.212-227-153-4.plesk.page\/product\/srednja-cetka-za-pranje-blue-star-brite-20cm\/"},"modified":"2026-02-25T00:00:51","modified_gmt":"2026-02-25T00:00:51","slug":"srednja-cetka-za-pranje-blue-star-brite-20cm","status":"publish","type":"product","link":"https:\/\/stoic-curie.212-227-153-4.plesk.page\/hr\/product\/srednja-cetka-za-pranje-blue-star-brite-20cm\/","title":{"rendered":"Srednja cetka za pranje Blue Star Brite 20cm"},"content":{"rendered":"<p>Srednja cetka za pranje Blue Star Brite 20cm &#8211; <\/p>\n<p>Posebne \u010detke od polimerne vlakna \u0161irine 20 cm koje ne ostavljaju mrlje, ne blijede i ne isu\u0161uju se. Idealne za \u010di\u0161\u0107enje \u010damaca. 3 razli\u010dite boje i tipovi vlakana prema namjeni:<br \/>\u017duta &#8211; mekani tip: zadr\u017eava vodu i savr\u0161ena je za pranje prozora i stakloplasti\u010dnih povr\u0161ina.<br \/>Plava &#8211; srednji tip: savr\u0161ena za op\u0107e \u010di\u0161\u0107enje.<br \/>Bjela &#8211; tvrdi tip: savr\u0161ena za pranje paluba, grubih i posebno prljavih povr\u0161ina.<br \/>Savr\u0161eno se uklapaju u sve produ\u017eive ru\u010dke Star Brite.<\/p>\n","protected":false},"excerpt":{"rendered":"<p>Srednja cetka za pranje Blue Star Brite 20cm &#8211; Posebne \u010detke od polimerne vlakna \u0161irine 20 cm koje ne ostavljaju<\/p>\n","protected":false},"featured_media":5940694,"comment_status":"closed","ping_status":"closed","template":"","meta":[],"product_brand":[3436],"product_cat":[1633],"product_tag":[],"class_list":{"0":"post-3688913","1":"product","2":"type-product","3":"status-publish","4":"has-post-thumbnail","6":"product_brand-starbrite-hr","7":"product_cat-cetke-za-ciscenje","9":"first","10":"instock","11":"shipping-taxable","12":"purchasable","13":"product-type-simple"},"_links":{"self":[{"href":"https:\/\/stoic-curie.212-227-153-4.plesk.page\/hr\/wp-json\/wp\/v2\/product\/3688913","targetHints":{"allow":["GET"]}}],"collection":[{"href":"https:\/\/stoic-curie.212-227-153-4.plesk.page\/hr\/wp-json\/wp\/v2\/product"}],"about":[{"href":"https:\/\/stoic-curie.212-227-153-4.plesk.page\/hr\/wp-json\/wp\/v2\/types\/product"}],"replies":[{"embeddable":true,"href":"https:\/\/stoic-curie.212-227-153-4.plesk.page\/hr\/wp-json\/wp\/v2\/comments?post=3688913"}],"version-history":[{"count":0,"href":"https:\/\/stoic-curie.212-227-153-4.plesk.page\/hr\/wp-json\/wp\/v2\/product\/3688913\/revisions"}],"wp:featuredmedia":[{"embeddable":true,"href":"https:\/\/stoic-curie.212-227-153-4.plesk.page\/hr\/wp-json\/wp\/v2\/media\/5940694"}],"wp:attachment":[{"href":"https:\/\/stoic-curie.212-227-153-4.plesk.page\/hr\/wp-json\/wp\/v2\/media?parent=3688913"}],"wp:term":[{"taxonomy":"product_brand","embeddable":true,"href":"https:\/\/stoic-curie.212-227-153-4.plesk.page\/hr\/wp-json\/wp\/v2\/product_brand?post=3688913"},{"taxonomy":"product_cat","embeddable":true,"href":"https:\/\/stoic-curie.212-227-153-4.plesk.page\/hr\/wp-json\/wp\/v2\/product_cat?post=3688913"},{"taxonomy":"product_tag","embeddable":true,"href":"https:\/\/stoic-curie.212-227-153-4.plesk.page\/hr\/wp-json\/wp\/v2\/product_tag?post=3688913"}],"curies":[{"name":"wp","href":"https:\/\/api.w.org\/{rel}","templated":true}]}}