{"id":3688914,"date":"2025-10-13T13:36:19","date_gmt":"2025-10-13T17:36:19","guid":{"rendered":"https:\/\/stoic-curie.212-227-153-4.plesk.page\/product\/start-brite-cetka-za-pranje-bijela-20cm\/"},"modified":"2026-02-25T00:00:51","modified_gmt":"2026-02-25T00:00:51","slug":"start-brite-cetka-za-pranje-bijela-20cm","status":"publish","type":"product","link":"https:\/\/stoic-curie.212-227-153-4.plesk.page\/hr\/product\/start-brite-cetka-za-pranje-bijela-20cm\/","title":{"rendered":"Start Brite \u010detka za pranje bijela 20cm"},"content":{"rendered":"<p>Start Brite \u010detka za pranje bijela 20cm &#8211; <\/p>\n<p>Specialne \u010detke od polimernih vlakana \u0161irine 20 cm koje ne ostavljaju mrlje, ne blede i ne isu\u0161uju se. Idealno za \u010di\u0161\u0107enje brodova. 3 razli\u010dite vrste boja i vlakana prema namjeni:<br \/> \u017duto &#8211; mekana vrsta: zadr\u017eava vodu i savr\u0161ena je za pranje prozora i stakloplasti\u010dnih povr\u0161ina.<br \/> Plavo &#8211; srednja vrsta: savr\u0161eno za sveobuhvatno \u010di\u0161\u0107enje.<br \/> Bijelo &#8211; tvrda vrsta: savr\u0161eno za pranje paluba, grubih i posebno prljavih povr\u0161ina.<br \/> Savr\u0161eno se uklapaju u sve produ\u017ene dr\u0161ke Star Brite.<\/p>\n","protected":false},"excerpt":{"rendered":"<p>Start Brite \u010detka za pranje bijela 20cm &#8211; Specialne \u010detke od polimernih vlakana \u0161irine 20 cm koje ne ostavljaju mrlje,<\/p>\n","protected":false},"featured_media":5940694,"comment_status":"closed","ping_status":"closed","template":"","meta":[],"product_brand":[3436],"product_cat":[1633],"product_tag":[],"class_list":{"0":"post-3688914","1":"product","2":"type-product","3":"status-publish","4":"has-post-thumbnail","6":"product_brand-starbrite-hr","7":"product_cat-cetke-za-ciscenje","9":"first","10":"instock","11":"shipping-taxable","12":"purchasable","13":"product-type-simple"},"_links":{"self":[{"href":"https:\/\/stoic-curie.212-227-153-4.plesk.page\/hr\/wp-json\/wp\/v2\/product\/3688914","targetHints":{"allow":["GET"]}}],"collection":[{"href":"https:\/\/stoic-curie.212-227-153-4.plesk.page\/hr\/wp-json\/wp\/v2\/product"}],"about":[{"href":"https:\/\/stoic-curie.212-227-153-4.plesk.page\/hr\/wp-json\/wp\/v2\/types\/product"}],"replies":[{"embeddable":true,"href":"https:\/\/stoic-curie.212-227-153-4.plesk.page\/hr\/wp-json\/wp\/v2\/comments?post=3688914"}],"version-history":[{"count":0,"href":"https:\/\/stoic-curie.212-227-153-4.plesk.page\/hr\/wp-json\/wp\/v2\/product\/3688914\/revisions"}],"wp:featuredmedia":[{"embeddable":true,"href":"https:\/\/stoic-curie.212-227-153-4.plesk.page\/hr\/wp-json\/wp\/v2\/media\/5940694"}],"wp:attachment":[{"href":"https:\/\/stoic-curie.212-227-153-4.plesk.page\/hr\/wp-json\/wp\/v2\/media?parent=3688914"}],"wp:term":[{"taxonomy":"product_brand","embeddable":true,"href":"https:\/\/stoic-curie.212-227-153-4.plesk.page\/hr\/wp-json\/wp\/v2\/product_brand?post=3688914"},{"taxonomy":"product_cat","embeddable":true,"href":"https:\/\/stoic-curie.212-227-153-4.plesk.page\/hr\/wp-json\/wp\/v2\/product_cat?post=3688914"},{"taxonomy":"product_tag","embeddable":true,"href":"https:\/\/stoic-curie.212-227-153-4.plesk.page\/hr\/wp-json\/wp\/v2\/product_tag?post=3688914"}],"curies":[{"name":"wp","href":"https:\/\/api.w.org\/{rel}","templated":true}]}}