{"id":3688915,"date":"2025-10-13T13:36:19","date_gmt":"2025-10-13T17:36:19","guid":{"rendered":"https:\/\/stoic-curie.212-227-153-4.plesk.page\/product\/drzac-jastucica-za-ribanje-star-brite\/"},"modified":"2026-02-25T00:00:51","modified_gmt":"2026-02-25T00:00:51","slug":"drzac-jastucica-za-ribanje-star-brite","status":"publish","type":"product","link":"https:\/\/stoic-curie.212-227-153-4.plesk.page\/hr\/product\/drzac-jastucica-za-ribanje-star-brite\/","title":{"rendered":"Dr\u017ea\u010d jastu\u010di\u0107a za ribanje Star Brite"},"content":{"rendered":"<p>Dr\u017ea\u010d jastu\u010di\u0107a za ribanje Star Brite &#8211; <\/p>\n<p>Rotiraju\u0107i dr\u017ea\u010d s punjenom jastu\u010di\u0107em za \u010di\u0161\u0107enje svih povr\u0161ina i kutova. Punjen jastu\u010di\u0107 omogu\u0107uje lako i brzo \u010di\u0161\u0107enje. Dostupno s tri razli\u010dite jastu\u010di\u0107e: <br \/>\u2022 Bijeli mekani jastu\u010di\u0107 <br \/>\u2022 Crveni srednji jastu\u010di\u0107 <br \/>\u2022 Crni grubi jastu\u010di\u0107 <br \/>Crveni srednji jastu\u010di\u0107 je uklju\u010den s dr\u017ea\u010dem. Prilago\u0111ava se svim Star Brite ru\u010dkama.<\/p>\n","protected":false},"excerpt":{"rendered":"<p>Dr\u017ea\u010d jastu\u010di\u0107a za ribanje Star Brite &#8211; Rotiraju\u0107i dr\u017ea\u010d s punjenom jastu\u010di\u0107em za \u010di\u0161\u0107enje svih povr\u0161ina i kutova. Punjen jastu\u010di\u0107<\/p>\n","protected":false},"featured_media":5940698,"comment_status":"closed","ping_status":"closed","template":"","meta":[],"product_brand":[3436],"product_cat":[1633],"product_tag":[],"class_list":{"0":"post-3688915","1":"product","2":"type-product","3":"status-publish","4":"has-post-thumbnail","6":"product_brand-starbrite-hr","7":"product_cat-cetke-za-ciscenje","9":"first","10":"instock","11":"shipping-taxable","12":"purchasable","13":"product-type-simple"},"_links":{"self":[{"href":"https:\/\/stoic-curie.212-227-153-4.plesk.page\/hr\/wp-json\/wp\/v2\/product\/3688915","targetHints":{"allow":["GET"]}}],"collection":[{"href":"https:\/\/stoic-curie.212-227-153-4.plesk.page\/hr\/wp-json\/wp\/v2\/product"}],"about":[{"href":"https:\/\/stoic-curie.212-227-153-4.plesk.page\/hr\/wp-json\/wp\/v2\/types\/product"}],"replies":[{"embeddable":true,"href":"https:\/\/stoic-curie.212-227-153-4.plesk.page\/hr\/wp-json\/wp\/v2\/comments?post=3688915"}],"version-history":[{"count":0,"href":"https:\/\/stoic-curie.212-227-153-4.plesk.page\/hr\/wp-json\/wp\/v2\/product\/3688915\/revisions"}],"wp:featuredmedia":[{"embeddable":true,"href":"https:\/\/stoic-curie.212-227-153-4.plesk.page\/hr\/wp-json\/wp\/v2\/media\/5940698"}],"wp:attachment":[{"href":"https:\/\/stoic-curie.212-227-153-4.plesk.page\/hr\/wp-json\/wp\/v2\/media?parent=3688915"}],"wp:term":[{"taxonomy":"product_brand","embeddable":true,"href":"https:\/\/stoic-curie.212-227-153-4.plesk.page\/hr\/wp-json\/wp\/v2\/product_brand?post=3688915"},{"taxonomy":"product_cat","embeddable":true,"href":"https:\/\/stoic-curie.212-227-153-4.plesk.page\/hr\/wp-json\/wp\/v2\/product_cat?post=3688915"},{"taxonomy":"product_tag","embeddable":true,"href":"https:\/\/stoic-curie.212-227-153-4.plesk.page\/hr\/wp-json\/wp\/v2\/product_tag?post=3688915"}],"curies":[{"name":"wp","href":"https:\/\/api.w.org\/{rel}","templated":true}]}}