{"id":3688917,"date":"2025-10-13T13:36:20","date_gmt":"2025-10-13T17:36:20","guid":{"rendered":"https:\/\/stoic-curie.212-227-153-4.plesk.page\/product\/star-brite-jastucic-srednji-crveni\/"},"modified":"2026-02-25T00:00:51","modified_gmt":"2026-02-25T00:00:51","slug":"star-brite-jastucic-srednji-crveni","status":"publish","type":"product","link":"https:\/\/stoic-curie.212-227-153-4.plesk.page\/hr\/product\/star-brite-jastucic-srednji-crveni\/","title":{"rendered":"Star Brite jastu\u010di\u0107, srednji, crveni"},"content":{"rendered":"<p>Star Brite jastu\u010di\u0107, srednji, crveni &#8211; <\/p>\n<p>Rotiraju\u0107i dr\u017ea\u010d s jastu\u010di\u0107em za \u010di\u0161\u0107enje za sve povr\u0161ine i uglove. Jastu\u010di\u0107 za \u010di\u0161\u0107enje omogu\u0107ava lako i brzo \u010di\u0161\u0107enje. Dostupno s tri razli\u010dita jastu\u010di\u0107a: \u00e2\u0080\u00a2  Bijeli mekani jastu\u010di\u0107 \u00e2\u0080\u00a2  Crveni srednji jastu\u010di\u0107 \u00e2\u0080\u00a2  Crni grub jastu\u010di\u0107 Crveni srednji jastu\u010di\u0107 uklju\u010den je s dr\u017ea\u010dem. Prikladan za sve Star Brite ru\u010dke.<\/p>\n","protected":false},"excerpt":{"rendered":"<p>Star Brite jastu\u010di\u0107, srednji, crveni &#8211; Rotiraju\u0107i dr\u017ea\u010d s jastu\u010di\u0107em za \u010di\u0161\u0107enje za sve povr\u0161ine i uglove. Jastu\u010di\u0107 za \u010di\u0161\u0107enje<\/p>\n","protected":false},"featured_media":5940698,"comment_status":"closed","ping_status":"closed","template":"","meta":[],"product_brand":[3436],"product_cat":[1633],"product_tag":[],"class_list":{"0":"post-3688917","1":"product","2":"type-product","3":"status-publish","4":"has-post-thumbnail","6":"product_brand-starbrite-hr","7":"product_cat-cetke-za-ciscenje","9":"first","10":"instock","11":"shipping-taxable","12":"purchasable","13":"product-type-simple"},"_links":{"self":[{"href":"https:\/\/stoic-curie.212-227-153-4.plesk.page\/hr\/wp-json\/wp\/v2\/product\/3688917","targetHints":{"allow":["GET"]}}],"collection":[{"href":"https:\/\/stoic-curie.212-227-153-4.plesk.page\/hr\/wp-json\/wp\/v2\/product"}],"about":[{"href":"https:\/\/stoic-curie.212-227-153-4.plesk.page\/hr\/wp-json\/wp\/v2\/types\/product"}],"replies":[{"embeddable":true,"href":"https:\/\/stoic-curie.212-227-153-4.plesk.page\/hr\/wp-json\/wp\/v2\/comments?post=3688917"}],"version-history":[{"count":0,"href":"https:\/\/stoic-curie.212-227-153-4.plesk.page\/hr\/wp-json\/wp\/v2\/product\/3688917\/revisions"}],"wp:featuredmedia":[{"embeddable":true,"href":"https:\/\/stoic-curie.212-227-153-4.plesk.page\/hr\/wp-json\/wp\/v2\/media\/5940698"}],"wp:attachment":[{"href":"https:\/\/stoic-curie.212-227-153-4.plesk.page\/hr\/wp-json\/wp\/v2\/media?parent=3688917"}],"wp:term":[{"taxonomy":"product_brand","embeddable":true,"href":"https:\/\/stoic-curie.212-227-153-4.plesk.page\/hr\/wp-json\/wp\/v2\/product_brand?post=3688917"},{"taxonomy":"product_cat","embeddable":true,"href":"https:\/\/stoic-curie.212-227-153-4.plesk.page\/hr\/wp-json\/wp\/v2\/product_cat?post=3688917"},{"taxonomy":"product_tag","embeddable":true,"href":"https:\/\/stoic-curie.212-227-153-4.plesk.page\/hr\/wp-json\/wp\/v2\/product_tag?post=3688917"}],"curies":[{"name":"wp","href":"https:\/\/api.w.org\/{rel}","templated":true}]}}