{"id":3688919,"date":"2025-10-13T13:36:20","date_gmt":"2025-10-13T17:36:20","guid":{"rendered":"https:\/\/stoic-curie.212-227-153-4.plesk.page\/product\/kit-jastucica-za-ribanje-star-brite\/"},"modified":"2026-02-25T00:00:51","modified_gmt":"2026-02-25T00:00:51","slug":"kit-jastucica-za-ribanje-star-brite","status":"publish","type":"product","link":"https:\/\/stoic-curie.212-227-153-4.plesk.page\/hr\/product\/kit-jastucica-za-ribanje-star-brite\/","title":{"rendered":"Kit jastu\u010di\u0107a za ribanje Star Brite"},"content":{"rendered":"<p>Kit jastu\u010di\u0107a za ribanje Star Brite &#8211; <\/p>\n<p>Kits za \u010di\u0161\u0107enje s ergonomskom dr\u0161kom i setom od 3 izmjenjivih jastu\u010di\u0107a: Fini, Srednji i Grubi.<\/p>\n","protected":false},"excerpt":{"rendered":"<p>Kit jastu\u010di\u0107a za ribanje Star Brite &#8211; Kits za \u010di\u0161\u0107enje s ergonomskom dr\u0161kom i setom od 3 izmjenjivih jastu\u010di\u0107a: Fini,<\/p>\n","protected":false},"featured_media":5940699,"comment_status":"closed","ping_status":"closed","template":"","meta":[],"product_brand":[3436],"product_cat":[1633],"product_tag":[],"class_list":{"0":"post-3688919","1":"product","2":"type-product","3":"status-publish","4":"has-post-thumbnail","6":"product_brand-starbrite-hr","7":"product_cat-cetke-za-ciscenje","9":"first","10":"instock","11":"shipping-taxable","12":"purchasable","13":"product-type-simple"},"_links":{"self":[{"href":"https:\/\/stoic-curie.212-227-153-4.plesk.page\/hr\/wp-json\/wp\/v2\/product\/3688919","targetHints":{"allow":["GET"]}}],"collection":[{"href":"https:\/\/stoic-curie.212-227-153-4.plesk.page\/hr\/wp-json\/wp\/v2\/product"}],"about":[{"href":"https:\/\/stoic-curie.212-227-153-4.plesk.page\/hr\/wp-json\/wp\/v2\/types\/product"}],"replies":[{"embeddable":true,"href":"https:\/\/stoic-curie.212-227-153-4.plesk.page\/hr\/wp-json\/wp\/v2\/comments?post=3688919"}],"version-history":[{"count":0,"href":"https:\/\/stoic-curie.212-227-153-4.plesk.page\/hr\/wp-json\/wp\/v2\/product\/3688919\/revisions"}],"wp:featuredmedia":[{"embeddable":true,"href":"https:\/\/stoic-curie.212-227-153-4.plesk.page\/hr\/wp-json\/wp\/v2\/media\/5940699"}],"wp:attachment":[{"href":"https:\/\/stoic-curie.212-227-153-4.plesk.page\/hr\/wp-json\/wp\/v2\/media?parent=3688919"}],"wp:term":[{"taxonomy":"product_brand","embeddable":true,"href":"https:\/\/stoic-curie.212-227-153-4.plesk.page\/hr\/wp-json\/wp\/v2\/product_brand?post=3688919"},{"taxonomy":"product_cat","embeddable":true,"href":"https:\/\/stoic-curie.212-227-153-4.plesk.page\/hr\/wp-json\/wp\/v2\/product_cat?post=3688919"},{"taxonomy":"product_tag","embeddable":true,"href":"https:\/\/stoic-curie.212-227-153-4.plesk.page\/hr\/wp-json\/wp\/v2\/product_tag?post=3688919"}],"curies":[{"name":"wp","href":"https:\/\/api.w.org\/{rel}","templated":true}]}}