{"id":3688921,"date":"2025-10-13T13:36:21","date_gmt":"2025-10-13T17:36:21","guid":{"rendered":"https:\/\/stoic-curie.212-227-153-4.plesk.page\/product\/star-brite-jastucic-za-ribanje-srednji-crveni-s-ruckom\/"},"modified":"2026-02-25T00:00:51","modified_gmt":"2026-02-25T00:00:51","slug":"star-brite-jastucic-za-ribanje-srednji-crveni-s-ruckom","status":"publish","type":"product","link":"https:\/\/stoic-curie.212-227-153-4.plesk.page\/hr\/product\/star-brite-jastucic-za-ribanje-srednji-crveni-s-ruckom\/","title":{"rendered":"Star Brite jastu\u010di\u0107 za ribanje, srednji, crveni s ru\u010dkom"},"content":{"rendered":"<p>Star Brite jastu\u010di\u0107 za ribanje, srednji, crveni s ru\u010dkom &#8211; <\/p>\n<p>Posebna polimerna vlaknasta spu\u017eva koja se ne isu\u0161uje niti gubi boju. Izvrsna za \u010di\u0161\u0107enje i pranje. Ne ogrebe stakloplasti\u010dne povr\u0161ine.<\/p>\n","protected":false},"excerpt":{"rendered":"<p>Star Brite jastu\u010di\u0107 za ribanje, srednji, crveni s ru\u010dkom &#8211; Posebna polimerna vlaknasta spu\u017eva koja se ne isu\u0161uje niti gubi<\/p>\n","protected":false},"featured_media":5940700,"comment_status":"closed","ping_status":"closed","template":"","meta":[],"product_brand":[3436],"product_cat":[1633],"product_tag":[],"class_list":{"0":"post-3688921","1":"product","2":"type-product","3":"status-publish","4":"has-post-thumbnail","6":"product_brand-starbrite-hr","7":"product_cat-cetke-za-ciscenje","9":"first","10":"instock","11":"shipping-taxable","12":"purchasable","13":"product-type-simple"},"_links":{"self":[{"href":"https:\/\/stoic-curie.212-227-153-4.plesk.page\/hr\/wp-json\/wp\/v2\/product\/3688921","targetHints":{"allow":["GET"]}}],"collection":[{"href":"https:\/\/stoic-curie.212-227-153-4.plesk.page\/hr\/wp-json\/wp\/v2\/product"}],"about":[{"href":"https:\/\/stoic-curie.212-227-153-4.plesk.page\/hr\/wp-json\/wp\/v2\/types\/product"}],"replies":[{"embeddable":true,"href":"https:\/\/stoic-curie.212-227-153-4.plesk.page\/hr\/wp-json\/wp\/v2\/comments?post=3688921"}],"version-history":[{"count":0,"href":"https:\/\/stoic-curie.212-227-153-4.plesk.page\/hr\/wp-json\/wp\/v2\/product\/3688921\/revisions"}],"wp:featuredmedia":[{"embeddable":true,"href":"https:\/\/stoic-curie.212-227-153-4.plesk.page\/hr\/wp-json\/wp\/v2\/media\/5940700"}],"wp:attachment":[{"href":"https:\/\/stoic-curie.212-227-153-4.plesk.page\/hr\/wp-json\/wp\/v2\/media?parent=3688921"}],"wp:term":[{"taxonomy":"product_brand","embeddable":true,"href":"https:\/\/stoic-curie.212-227-153-4.plesk.page\/hr\/wp-json\/wp\/v2\/product_brand?post=3688921"},{"taxonomy":"product_cat","embeddable":true,"href":"https:\/\/stoic-curie.212-227-153-4.plesk.page\/hr\/wp-json\/wp\/v2\/product_cat?post=3688921"},{"taxonomy":"product_tag","embeddable":true,"href":"https:\/\/stoic-curie.212-227-153-4.plesk.page\/hr\/wp-json\/wp\/v2\/product_tag?post=3688921"}],"curies":[{"name":"wp","href":"https:\/\/api.w.org\/{rel}","templated":true}]}}