{"id":3688924,"date":"2025-10-13T13:36:22","date_gmt":"2025-10-13T17:36:22","guid":{"rendered":"https:\/\/stoic-curie.212-227-153-4.plesk.page\/product\/sklopiva-nauticka-kanta-narancasta-11lt\/"},"modified":"2026-02-25T00:00:51","modified_gmt":"2026-02-25T00:00:51","slug":"sklopiva-nauticka-kanta-narancasta-11lt","status":"publish","type":"product","link":"https:\/\/stoic-curie.212-227-153-4.plesk.page\/hr\/product\/sklopiva-nauticka-kanta-narancasta-11lt\/","title":{"rendered":"Sklopiva nauticka kanta narancasta 11lt"},"content":{"rendered":"<p>Sklopiva nauticka kanta narancasta 11lt &#8211; <\/p>\n<p>Produ\u017eiva i zatvoriva Pop-Up kanta za minimalan prostor za pohranu. Dr\u017ea\u010d od nehr\u0111aju\u0107eg \u010delika, oja\u010dano vodootporno poliestersko platno.<\/p>\n","protected":false},"excerpt":{"rendered":"<p>Sklopiva nauticka kanta narancasta 11lt &#8211; Produ\u017eiva i zatvoriva Pop-Up kanta za minimalan prostor za pohranu. Dr\u017ea\u010d od nehr\u0111aju\u0107eg \u010delika,<\/p>\n","protected":false},"featured_media":5940702,"comment_status":"closed","ping_status":"closed","template":"","meta":[],"product_brand":[3236],"product_cat":[1631],"product_tag":[],"class_list":{"0":"post-3688924","1":"product","2":"type-product","3":"status-publish","4":"has-post-thumbnail","6":"product_brand-osculati-hr","7":"product_cat-alati-za-ciscenje","9":"first","10":"instock","11":"shipping-taxable","12":"purchasable","13":"product-type-simple"},"_links":{"self":[{"href":"https:\/\/stoic-curie.212-227-153-4.plesk.page\/hr\/wp-json\/wp\/v2\/product\/3688924","targetHints":{"allow":["GET"]}}],"collection":[{"href":"https:\/\/stoic-curie.212-227-153-4.plesk.page\/hr\/wp-json\/wp\/v2\/product"}],"about":[{"href":"https:\/\/stoic-curie.212-227-153-4.plesk.page\/hr\/wp-json\/wp\/v2\/types\/product"}],"replies":[{"embeddable":true,"href":"https:\/\/stoic-curie.212-227-153-4.plesk.page\/hr\/wp-json\/wp\/v2\/comments?post=3688924"}],"version-history":[{"count":0,"href":"https:\/\/stoic-curie.212-227-153-4.plesk.page\/hr\/wp-json\/wp\/v2\/product\/3688924\/revisions"}],"wp:featuredmedia":[{"embeddable":true,"href":"https:\/\/stoic-curie.212-227-153-4.plesk.page\/hr\/wp-json\/wp\/v2\/media\/5940702"}],"wp:attachment":[{"href":"https:\/\/stoic-curie.212-227-153-4.plesk.page\/hr\/wp-json\/wp\/v2\/media?parent=3688924"}],"wp:term":[{"taxonomy":"product_brand","embeddable":true,"href":"https:\/\/stoic-curie.212-227-153-4.plesk.page\/hr\/wp-json\/wp\/v2\/product_brand?post=3688924"},{"taxonomy":"product_cat","embeddable":true,"href":"https:\/\/stoic-curie.212-227-153-4.plesk.page\/hr\/wp-json\/wp\/v2\/product_cat?post=3688924"},{"taxonomy":"product_tag","embeddable":true,"href":"https:\/\/stoic-curie.212-227-153-4.plesk.page\/hr\/wp-json\/wp\/v2\/product_tag?post=3688924"}],"curies":[{"name":"wp","href":"https:\/\/api.w.org\/{rel}","templated":true}]}}