{"id":3688938,"date":"2025-10-13T13:36:25","date_gmt":"2025-10-13T17:36:25","guid":{"rendered":"https:\/\/stoic-curie.212-227-153-4.plesk.page\/product\/traka-za-automatsko-spajanje-rubbaweld-100mm-x-3-m-bijela\/"},"modified":"2026-02-25T00:00:51","modified_gmt":"2026-02-25T00:00:51","slug":"traka-za-automatsko-spajanje-rubbaweld-100mm-x-3-m-bijela","status":"publish","type":"product","link":"https:\/\/stoic-curie.212-227-153-4.plesk.page\/hr\/product\/traka-za-automatsko-spajanje-rubbaweld-100mm-x-3-m-bijela\/","title":{"rendered":"Traka za automatsko spajanje Rubbaweld 100mm x 3 m, bijela"},"content":{"rendered":"<p>Traka za automatsko spajanje Rubbaweld 100mm x 3 m, bijela &#8211; <\/p>\n<p>Rubbaweld samospojeni gumeni trak, poznat \u0161irom svijeta po svojim morskim karakteristikama. Vodootporan je za elektri\u010dne terminale i veze. Tako\u0111er se koristi za prekrivanje i za\u0161titu krajeva \u017eica i napinjalica.<\/p>\n","protected":false},"excerpt":{"rendered":"<p>Traka za automatsko spajanje Rubbaweld 100mm x 3 m, bijela &#8211; Rubbaweld samospojeni gumeni trak, poznat \u0161irom svijeta po svojim<\/p>\n","protected":false},"featured_media":5940710,"comment_status":"closed","ping_status":"closed","template":"","meta":[],"product_brand":[3236],"product_cat":[1771,1627],"product_tag":[],"class_list":{"0":"post-3688938","1":"product","2":"type-product","3":"status-publish","4":"has-post-thumbnail","6":"product_brand-osculati-hr","7":"product_cat-oprema-za-jedrilice-oprema-za-jedrilice","8":"product_cat-vrpce-za-popravak","10":"first","11":"instock","12":"shipping-taxable","13":"purchasable","14":"product-type-simple"},"_links":{"self":[{"href":"https:\/\/stoic-curie.212-227-153-4.plesk.page\/hr\/wp-json\/wp\/v2\/product\/3688938","targetHints":{"allow":["GET"]}}],"collection":[{"href":"https:\/\/stoic-curie.212-227-153-4.plesk.page\/hr\/wp-json\/wp\/v2\/product"}],"about":[{"href":"https:\/\/stoic-curie.212-227-153-4.plesk.page\/hr\/wp-json\/wp\/v2\/types\/product"}],"replies":[{"embeddable":true,"href":"https:\/\/stoic-curie.212-227-153-4.plesk.page\/hr\/wp-json\/wp\/v2\/comments?post=3688938"}],"version-history":[{"count":0,"href":"https:\/\/stoic-curie.212-227-153-4.plesk.page\/hr\/wp-json\/wp\/v2\/product\/3688938\/revisions"}],"wp:featuredmedia":[{"embeddable":true,"href":"https:\/\/stoic-curie.212-227-153-4.plesk.page\/hr\/wp-json\/wp\/v2\/media\/5940710"}],"wp:attachment":[{"href":"https:\/\/stoic-curie.212-227-153-4.plesk.page\/hr\/wp-json\/wp\/v2\/media?parent=3688938"}],"wp:term":[{"taxonomy":"product_brand","embeddable":true,"href":"https:\/\/stoic-curie.212-227-153-4.plesk.page\/hr\/wp-json\/wp\/v2\/product_brand?post=3688938"},{"taxonomy":"product_cat","embeddable":true,"href":"https:\/\/stoic-curie.212-227-153-4.plesk.page\/hr\/wp-json\/wp\/v2\/product_cat?post=3688938"},{"taxonomy":"product_tag","embeddable":true,"href":"https:\/\/stoic-curie.212-227-153-4.plesk.page\/hr\/wp-json\/wp\/v2\/product_tag?post=3688938"}],"curies":[{"name":"wp","href":"https:\/\/api.w.org\/{rel}","templated":true}]}}