{"id":3688967,"date":"2025-10-13T13:36:33","date_gmt":"2025-10-13T17:36:33","guid":{"rendered":"https:\/\/stoic-curie.212-227-153-4.plesk.page\/product\/ljepilo-i-brtvilo-aquaseal-1-tuba-28gr\/"},"modified":"2026-02-25T00:00:51","modified_gmt":"2026-02-25T00:00:51","slug":"ljepilo-i-brtvilo-aquaseal-1-tuba-28gr","status":"publish","type":"product","link":"https:\/\/stoic-curie.212-227-153-4.plesk.page\/hr\/product\/ljepilo-i-brtvilo-aquaseal-1-tuba-28gr\/","title":{"rendered":"Ljepilo i brtvilo Aquaseal 1 tuba 28gr"},"content":{"rendered":"<p>Ljepilo i brtvilo Aquaseal 1 tuba 28gr &#8211; <\/p>\n<p>Poliuretanska gumena ljepilo za trajne vodootporne popravke probijanja, pucanja i \u0161avova ribolovnih i vodenih sportskih ure\u0111aja, kajaka, suhog odijela, \u010dizama, \u0161atora i pla\u0161ta. Fleksibilno, mo\u017ee rekonstruirati male nedostaju\u0107e dijelove bez kori\u0161tenja zakrpa.<\/p>\n","protected":false},"excerpt":{"rendered":"<p>Ljepilo i brtvilo Aquaseal 1 tuba 28gr &#8211; Poliuretanska gumena ljepilo za trajne vodootporne popravke probijanja, pucanja i \u0161avova ribolovnih<\/p>\n","protected":false},"featured_media":5940725,"comment_status":"closed","ping_status":"closed","template":"","meta":[],"product_brand":[2871],"product_cat":[1637],"product_tag":[],"class_list":{"0":"post-3688967","1":"product","2":"type-product","3":"status-publish","4":"has-post-thumbnail","6":"product_brand-crc-marine-hr","7":"product_cat-ljepila-i-brtvila","9":"first","10":"instock","11":"shipping-taxable","12":"purchasable","13":"product-type-simple"},"_links":{"self":[{"href":"https:\/\/stoic-curie.212-227-153-4.plesk.page\/hr\/wp-json\/wp\/v2\/product\/3688967","targetHints":{"allow":["GET"]}}],"collection":[{"href":"https:\/\/stoic-curie.212-227-153-4.plesk.page\/hr\/wp-json\/wp\/v2\/product"}],"about":[{"href":"https:\/\/stoic-curie.212-227-153-4.plesk.page\/hr\/wp-json\/wp\/v2\/types\/product"}],"replies":[{"embeddable":true,"href":"https:\/\/stoic-curie.212-227-153-4.plesk.page\/hr\/wp-json\/wp\/v2\/comments?post=3688967"}],"version-history":[{"count":0,"href":"https:\/\/stoic-curie.212-227-153-4.plesk.page\/hr\/wp-json\/wp\/v2\/product\/3688967\/revisions"}],"wp:featuredmedia":[{"embeddable":true,"href":"https:\/\/stoic-curie.212-227-153-4.plesk.page\/hr\/wp-json\/wp\/v2\/media\/5940725"}],"wp:attachment":[{"href":"https:\/\/stoic-curie.212-227-153-4.plesk.page\/hr\/wp-json\/wp\/v2\/media?parent=3688967"}],"wp:term":[{"taxonomy":"product_brand","embeddable":true,"href":"https:\/\/stoic-curie.212-227-153-4.plesk.page\/hr\/wp-json\/wp\/v2\/product_brand?post=3688967"},{"taxonomy":"product_cat","embeddable":true,"href":"https:\/\/stoic-curie.212-227-153-4.plesk.page\/hr\/wp-json\/wp\/v2\/product_cat?post=3688967"},{"taxonomy":"product_tag","embeddable":true,"href":"https:\/\/stoic-curie.212-227-153-4.plesk.page\/hr\/wp-json\/wp\/v2\/product_tag?post=3688967"}],"curies":[{"name":"wp","href":"https:\/\/api.w.org\/{rel}","templated":true}]}}