{"id":3688970,"date":"2025-10-13T13:36:34","date_gmt":"2025-10-13T17:36:34","guid":{"rendered":"https:\/\/stoic-curie.212-227-153-4.plesk.page\/product\/gelcoat-boja-bijela-250g\/"},"modified":"2026-02-25T00:00:51","modified_gmt":"2026-02-25T00:00:51","slug":"gelcoat-boja-bijela-250g","status":"publish","type":"product","link":"https:\/\/stoic-curie.212-227-153-4.plesk.page\/hr\/product\/gelcoat-boja-bijela-250g\/","title":{"rendered":"Gelcoat boja, bijela, 250g"},"content":{"rendered":"<p>Gelcoat boja, bijela, 250g &#8211; <\/p>\n<p>3C Gelcoat u limenci s u\u010dvr\u0161\u0107iva\u010dem. Limenka od 0,25 kg Gelcoata sadr\u017ei parafin. Limenka od 1 kg Gelcoata ne sadr\u017ei parafin.<\/p>\n","protected":false},"excerpt":{"rendered":"<p>Gelcoat boja, bijela, 250g &#8211; 3C Gelcoat u limenci s u\u010dvr\u0161\u0107iva\u010dem. Limenka od 0,25 kg Gelcoata sadr\u017ei parafin. Limenka od<\/p>\n","protected":false},"featured_media":5940728,"comment_status":"closed","ping_status":"closed","template":"","meta":[],"product_brand":[2871],"product_cat":[1634,1626],"product_tag":[],"class_list":{"0":"post-3688970","1":"product","2":"type-product","3":"status-publish","4":"has-post-thumbnail","6":"product_brand-crc-marine-hr","7":"product_cat-brodske-boje","8":"product_cat-proizvodi-za-odrzavanje","10":"first","11":"instock","12":"shipping-taxable","13":"purchasable","14":"product-type-simple"},"_links":{"self":[{"href":"https:\/\/stoic-curie.212-227-153-4.plesk.page\/hr\/wp-json\/wp\/v2\/product\/3688970","targetHints":{"allow":["GET"]}}],"collection":[{"href":"https:\/\/stoic-curie.212-227-153-4.plesk.page\/hr\/wp-json\/wp\/v2\/product"}],"about":[{"href":"https:\/\/stoic-curie.212-227-153-4.plesk.page\/hr\/wp-json\/wp\/v2\/types\/product"}],"replies":[{"embeddable":true,"href":"https:\/\/stoic-curie.212-227-153-4.plesk.page\/hr\/wp-json\/wp\/v2\/comments?post=3688970"}],"version-history":[{"count":0,"href":"https:\/\/stoic-curie.212-227-153-4.plesk.page\/hr\/wp-json\/wp\/v2\/product\/3688970\/revisions"}],"wp:featuredmedia":[{"embeddable":true,"href":"https:\/\/stoic-curie.212-227-153-4.plesk.page\/hr\/wp-json\/wp\/v2\/media\/5940728"}],"wp:attachment":[{"href":"https:\/\/stoic-curie.212-227-153-4.plesk.page\/hr\/wp-json\/wp\/v2\/media?parent=3688970"}],"wp:term":[{"taxonomy":"product_brand","embeddable":true,"href":"https:\/\/stoic-curie.212-227-153-4.plesk.page\/hr\/wp-json\/wp\/v2\/product_brand?post=3688970"},{"taxonomy":"product_cat","embeddable":true,"href":"https:\/\/stoic-curie.212-227-153-4.plesk.page\/hr\/wp-json\/wp\/v2\/product_cat?post=3688970"},{"taxonomy":"product_tag","embeddable":true,"href":"https:\/\/stoic-curie.212-227-153-4.plesk.page\/hr\/wp-json\/wp\/v2\/product_tag?post=3688970"}],"curies":[{"name":"wp","href":"https:\/\/api.w.org\/{rel}","templated":true}]}}