{"id":3688975,"date":"2025-10-13T13:36:35","date_gmt":"2025-10-13T17:36:35","guid":{"rendered":"https:\/\/stoic-curie.212-227-153-4.plesk.page\/product\/epotop-epoksidna-smola-anti-osmozna-075-lt\/"},"modified":"2026-02-25T00:00:51","modified_gmt":"2026-02-25T00:00:51","slug":"epotop-epoksidna-smola-anti-osmozna-075-lt","status":"publish","type":"product","link":"https:\/\/stoic-curie.212-227-153-4.plesk.page\/hr\/product\/epotop-epoksidna-smola-anti-osmozna-075-lt\/","title":{"rendered":"Epotop epoksidna smola anti-osmozna 0,75 lt"},"content":{"rendered":"<p>Epotop epoksidna smola anti-osmozna 0,75 lt &#8211; <\/p>\n<p>Epoksidna smola savr\u0161ena protiv osmotske korozije na \u010damcima od stakloplastike te kao vodonepropustan antikorozivni premaz za metalne \u010damce i stare drvene \u010damce. Strukturna smola za popravak i \u017ebukanje stakloplasti\u010dnih, drvenih ili metalnih povr\u0161ina dodavanjem Microcell, Microsfere ili Tecnocell.<\/p>\n","protected":false},"excerpt":{"rendered":"<p>Epotop epoksidna smola anti-osmozna 0,75 lt &#8211; Epoksidna smola savr\u0161ena protiv osmotske korozije na \u010damcima od stakloplastike te kao vodonepropustan<\/p>\n","protected":false},"featured_media":5940731,"comment_status":"closed","ping_status":"closed","template":"","meta":[],"product_brand":[2871],"product_cat":[1634],"product_tag":[],"class_list":{"0":"post-3688975","1":"product","2":"type-product","3":"status-publish","4":"has-post-thumbnail","6":"product_brand-crc-marine-hr","7":"product_cat-brodske-boje","9":"first","10":"instock","11":"shipping-taxable","12":"purchasable","13":"product-type-simple"},"_links":{"self":[{"href":"https:\/\/stoic-curie.212-227-153-4.plesk.page\/hr\/wp-json\/wp\/v2\/product\/3688975","targetHints":{"allow":["GET"]}}],"collection":[{"href":"https:\/\/stoic-curie.212-227-153-4.plesk.page\/hr\/wp-json\/wp\/v2\/product"}],"about":[{"href":"https:\/\/stoic-curie.212-227-153-4.plesk.page\/hr\/wp-json\/wp\/v2\/types\/product"}],"replies":[{"embeddable":true,"href":"https:\/\/stoic-curie.212-227-153-4.plesk.page\/hr\/wp-json\/wp\/v2\/comments?post=3688975"}],"version-history":[{"count":0,"href":"https:\/\/stoic-curie.212-227-153-4.plesk.page\/hr\/wp-json\/wp\/v2\/product\/3688975\/revisions"}],"wp:featuredmedia":[{"embeddable":true,"href":"https:\/\/stoic-curie.212-227-153-4.plesk.page\/hr\/wp-json\/wp\/v2\/media\/5940731"}],"wp:attachment":[{"href":"https:\/\/stoic-curie.212-227-153-4.plesk.page\/hr\/wp-json\/wp\/v2\/media?parent=3688975"}],"wp:term":[{"taxonomy":"product_brand","embeddable":true,"href":"https:\/\/stoic-curie.212-227-153-4.plesk.page\/hr\/wp-json\/wp\/v2\/product_brand?post=3688975"},{"taxonomy":"product_cat","embeddable":true,"href":"https:\/\/stoic-curie.212-227-153-4.plesk.page\/hr\/wp-json\/wp\/v2\/product_cat?post=3688975"},{"taxonomy":"product_tag","embeddable":true,"href":"https:\/\/stoic-curie.212-227-153-4.plesk.page\/hr\/wp-json\/wp\/v2\/product_tag?post=3688975"}],"curies":[{"name":"wp","href":"https:\/\/api.w.org\/{rel}","templated":true}]}}