{"id":3688983,"date":"2025-10-13T13:36:37","date_gmt":"2025-10-13T17:36:37","guid":{"rendered":"https:\/\/stoic-curie.212-227-153-4.plesk.page\/product\/cfg-sredstvo-za-ucvrscivanje-vijaka-50-ml\/"},"modified":"2026-02-25T00:00:51","modified_gmt":"2026-02-25T00:00:51","slug":"cfg-sredstvo-za-ucvrscivanje-vijaka-50-ml","status":"publish","type":"product","link":"https:\/\/stoic-curie.212-227-153-4.plesk.page\/hr\/product\/cfg-sredstvo-za-ucvrscivanje-vijaka-50-ml\/","title":{"rendered":"CFG sredstvo za u\u010dvr\u0161\u0107ivanje vijaka 50 ml"},"content":{"rendered":"<p>CFG sredstvo za u\u010dvr\u0161\u0107ivanje vijaka 50 ml &#8211; <\/p>\n<p>CFG srednja vij\u010dna brava koja blokira vijke i matice zamjenjuju\u0107i podlo\u0161ke i nylock matice. Otporna na torzije i kemijske agense. Mo\u017ee se rastaviti standardnim alatima.<\/p>\n","protected":false},"excerpt":{"rendered":"<p>CFG sredstvo za u\u010dvr\u0161\u0107ivanje vijaka 50 ml &#8211; CFG srednja vij\u010dna brava koja blokira vijke i matice zamjenjuju\u0107i podlo\u0161ke i<\/p>\n","protected":false},"featured_media":5940736,"comment_status":"closed","ping_status":"closed","template":"","meta":[],"product_brand":[2871],"product_cat":[1637],"product_tag":[],"class_list":{"0":"post-3688983","1":"product","2":"type-product","3":"status-publish","4":"has-post-thumbnail","6":"product_brand-crc-marine-hr","7":"product_cat-ljepila-i-brtvila","9":"first","10":"instock","11":"shipping-taxable","12":"purchasable","13":"product-type-simple"},"_links":{"self":[{"href":"https:\/\/stoic-curie.212-227-153-4.plesk.page\/hr\/wp-json\/wp\/v2\/product\/3688983","targetHints":{"allow":["GET"]}}],"collection":[{"href":"https:\/\/stoic-curie.212-227-153-4.plesk.page\/hr\/wp-json\/wp\/v2\/product"}],"about":[{"href":"https:\/\/stoic-curie.212-227-153-4.plesk.page\/hr\/wp-json\/wp\/v2\/types\/product"}],"replies":[{"embeddable":true,"href":"https:\/\/stoic-curie.212-227-153-4.plesk.page\/hr\/wp-json\/wp\/v2\/comments?post=3688983"}],"version-history":[{"count":0,"href":"https:\/\/stoic-curie.212-227-153-4.plesk.page\/hr\/wp-json\/wp\/v2\/product\/3688983\/revisions"}],"wp:featuredmedia":[{"embeddable":true,"href":"https:\/\/stoic-curie.212-227-153-4.plesk.page\/hr\/wp-json\/wp\/v2\/media\/5940736"}],"wp:attachment":[{"href":"https:\/\/stoic-curie.212-227-153-4.plesk.page\/hr\/wp-json\/wp\/v2\/media?parent=3688983"}],"wp:term":[{"taxonomy":"product_brand","embeddable":true,"href":"https:\/\/stoic-curie.212-227-153-4.plesk.page\/hr\/wp-json\/wp\/v2\/product_brand?post=3688983"},{"taxonomy":"product_cat","embeddable":true,"href":"https:\/\/stoic-curie.212-227-153-4.plesk.page\/hr\/wp-json\/wp\/v2\/product_cat?post=3688983"},{"taxonomy":"product_tag","embeddable":true,"href":"https:\/\/stoic-curie.212-227-153-4.plesk.page\/hr\/wp-json\/wp\/v2\/product_tag?post=3688983"}],"curies":[{"name":"wp","href":"https:\/\/api.w.org\/{rel}","templated":true}]}}