{"id":3688989,"date":"2025-10-13T13:36:39","date_gmt":"2025-10-13T17:36:39","guid":{"rendered":"https:\/\/stoic-curie.212-227-153-4.plesk.page\/product\/epoksidni-ljepljivi-kit-star-brite-za-aluminij\/"},"modified":"2026-02-25T00:00:51","modified_gmt":"2026-02-25T00:00:51","slug":"epoksidni-ljepljivi-kit-star-brite-za-aluminij","status":"publish","type":"product","link":"https:\/\/stoic-curie.212-227-153-4.plesk.page\/hr\/product\/epoksidni-ljepljivi-kit-star-brite-za-aluminij\/","title":{"rendered":"Epoksidni ljepljivi kit Star Brite za aluminij"},"content":{"rendered":"<p>Epoksidni ljepljivi kit Star Brite za aluminij &#8211; <\/p>\n<p>Epoksi kit u stiku za popravke na fiberglasu, drvu, metalu i plastici. Mo\u017ee se brusiti, bu\u0161iti i navojiti. Aluminijski kit u stiku za popravke na aluminiju, stra\u017enjim pogonima i drugim aluminijskim ili metalnim dijelovima. Mo\u017ee se brusiti, bu\u0161iti i navojiti.<\/p>\n","protected":false},"excerpt":{"rendered":"<p>Epoksidni ljepljivi kit Star Brite za aluminij &#8211; Epoksi kit u stiku za popravke na fiberglasu, drvu, metalu i plastici.<\/p>\n","protected":false},"featured_media":5940741,"comment_status":"closed","ping_status":"closed","template":"","meta":[],"product_brand":[3436],"product_cat":[1626],"product_tag":[],"class_list":{"0":"post-3688989","1":"product","2":"type-product","3":"status-publish","4":"has-post-thumbnail","6":"product_brand-starbrite-hr","7":"product_cat-proizvodi-za-odrzavanje","9":"first","10":"instock","11":"shipping-taxable","12":"purchasable","13":"product-type-simple"},"_links":{"self":[{"href":"https:\/\/stoic-curie.212-227-153-4.plesk.page\/hr\/wp-json\/wp\/v2\/product\/3688989","targetHints":{"allow":["GET"]}}],"collection":[{"href":"https:\/\/stoic-curie.212-227-153-4.plesk.page\/hr\/wp-json\/wp\/v2\/product"}],"about":[{"href":"https:\/\/stoic-curie.212-227-153-4.plesk.page\/hr\/wp-json\/wp\/v2\/types\/product"}],"replies":[{"embeddable":true,"href":"https:\/\/stoic-curie.212-227-153-4.plesk.page\/hr\/wp-json\/wp\/v2\/comments?post=3688989"}],"version-history":[{"count":0,"href":"https:\/\/stoic-curie.212-227-153-4.plesk.page\/hr\/wp-json\/wp\/v2\/product\/3688989\/revisions"}],"wp:featuredmedia":[{"embeddable":true,"href":"https:\/\/stoic-curie.212-227-153-4.plesk.page\/hr\/wp-json\/wp\/v2\/media\/5940741"}],"wp:attachment":[{"href":"https:\/\/stoic-curie.212-227-153-4.plesk.page\/hr\/wp-json\/wp\/v2\/media?parent=3688989"}],"wp:term":[{"taxonomy":"product_brand","embeddable":true,"href":"https:\/\/stoic-curie.212-227-153-4.plesk.page\/hr\/wp-json\/wp\/v2\/product_brand?post=3688989"},{"taxonomy":"product_cat","embeddable":true,"href":"https:\/\/stoic-curie.212-227-153-4.plesk.page\/hr\/wp-json\/wp\/v2\/product_cat?post=3688989"},{"taxonomy":"product_tag","embeddable":true,"href":"https:\/\/stoic-curie.212-227-153-4.plesk.page\/hr\/wp-json\/wp\/v2\/product_tag?post=3688989"}],"curies":[{"name":"wp","href":"https:\/\/api.w.org\/{rel}","templated":true}]}}