{"id":3688991,"date":"2025-10-13T13:36:40","date_gmt":"2025-10-13T17:36:40","guid":{"rendered":"https:\/\/stoic-curie.212-227-153-4.plesk.page\/product\/hidroizolacija-starbrite-za-tkanine-i-navlake-za-camce-650-ml\/"},"modified":"2026-02-25T00:00:51","modified_gmt":"2026-02-25T00:00:51","slug":"hidroizolacija-starbrite-za-tkanine-i-navlake-za-camce-650-ml","status":"publish","type":"product","link":"https:\/\/stoic-curie.212-227-153-4.plesk.page\/hr\/product\/hidroizolacija-starbrite-za-tkanine-i-navlake-za-camce-650-ml\/","title":{"rendered":"Hidroizolacija Starbrite za tkanine i navlake za \u010damce 650 ml"},"content":{"rendered":"<p>Hidroizolacija Starbrite za tkanine i navlake za \u010damce 650 ml &#8211; <\/p>\n<p>\u2022 Sigurno i odgovaraju\u0107e hidroizolacijsko sredstvo za sve tkanine<br \/>\u2022 Za pokriva\u010de \u010damaca, Bimini tende, pokriva\u010de jedara, odje\u0107u i \u0161atore<br \/>\u2022 Ne mijenja boju niti osje\u0107aj tkanine<\/p>\n","protected":false},"excerpt":{"rendered":"<p>Hidroizolacija Starbrite za tkanine i navlake za \u010damce 650 ml &#8211; \u2022 Sigurno i odgovaraju\u0107e hidroizolacijsko sredstvo za sve tkanine\u2022<\/p>\n","protected":false},"featured_media":5940743,"comment_status":"closed","ping_status":"closed","template":"","meta":[],"product_brand":[3436],"product_cat":[1689,1703,1626],"product_tag":[],"class_list":{"0":"post-3688991","1":"product","2":"type-product","3":"status-publish","4":"has-post-thumbnail","6":"product_brand-starbrite-hr","7":"product_cat-bimini-tende","8":"product_cat-hardver-za-navlake-i-bimini","9":"product_cat-proizvodi-za-odrzavanje","11":"first","12":"instock","13":"shipping-taxable","14":"purchasable","15":"product-type-simple"},"_links":{"self":[{"href":"https:\/\/stoic-curie.212-227-153-4.plesk.page\/hr\/wp-json\/wp\/v2\/product\/3688991","targetHints":{"allow":["GET"]}}],"collection":[{"href":"https:\/\/stoic-curie.212-227-153-4.plesk.page\/hr\/wp-json\/wp\/v2\/product"}],"about":[{"href":"https:\/\/stoic-curie.212-227-153-4.plesk.page\/hr\/wp-json\/wp\/v2\/types\/product"}],"replies":[{"embeddable":true,"href":"https:\/\/stoic-curie.212-227-153-4.plesk.page\/hr\/wp-json\/wp\/v2\/comments?post=3688991"}],"version-history":[{"count":0,"href":"https:\/\/stoic-curie.212-227-153-4.plesk.page\/hr\/wp-json\/wp\/v2\/product\/3688991\/revisions"}],"wp:featuredmedia":[{"embeddable":true,"href":"https:\/\/stoic-curie.212-227-153-4.plesk.page\/hr\/wp-json\/wp\/v2\/media\/5940743"}],"wp:attachment":[{"href":"https:\/\/stoic-curie.212-227-153-4.plesk.page\/hr\/wp-json\/wp\/v2\/media?parent=3688991"}],"wp:term":[{"taxonomy":"product_brand","embeddable":true,"href":"https:\/\/stoic-curie.212-227-153-4.plesk.page\/hr\/wp-json\/wp\/v2\/product_brand?post=3688991"},{"taxonomy":"product_cat","embeddable":true,"href":"https:\/\/stoic-curie.212-227-153-4.plesk.page\/hr\/wp-json\/wp\/v2\/product_cat?post=3688991"},{"taxonomy":"product_tag","embeddable":true,"href":"https:\/\/stoic-curie.212-227-153-4.plesk.page\/hr\/wp-json\/wp\/v2\/product_tag?post=3688991"}],"curies":[{"name":"wp","href":"https:\/\/api.w.org\/{rel}","templated":true}]}}