{"id":3688992,"date":"2025-10-13T13:36:40","date_gmt":"2025-10-13T17:36:40","guid":{"rendered":"https:\/\/stoic-curie.212-227-153-4.plesk.page\/product\/star-brite-sredstvo-za-uklanjanje-mrlja-sa-bjelilom-650-ml\/"},"modified":"2026-02-25T00:00:51","modified_gmt":"2026-02-25T00:00:51","slug":"star-brite-sredstvo-za-uklanjanje-mrlja-sa-bjelilom-650-ml","status":"publish","type":"product","link":"https:\/\/stoic-curie.212-227-153-4.plesk.page\/hr\/product\/star-brite-sredstvo-za-uklanjanje-mrlja-sa-bjelilom-650-ml\/","title":{"rendered":"Star Brite sredstvo za uklanjanje mrlja sa bjelilom 650 ml"},"content":{"rendered":"<p>Star Brite sredstvo za uklanjanje mrlja sa bjelilom 650 ml &#8211; <\/p>\n<p>\u2022 Brzo uklanja mrlje od plijesni<br \/>\u2022 Jednostavno prskanje daje nevjerojatne rezultate za nekoliko minuta<br \/>\u2022 Pogodno za svaku prostoriju, naslone, vinske pokriva\u010de, jastu\u010di\u0107e itd.<br \/>\u2022 Sigurno za sve povr\u0161ine, ne slabi tkaninu ili konac<\/p>\n","protected":false},"excerpt":{"rendered":"<p>Star Brite sredstvo za uklanjanje mrlja sa bjelilom 650 ml &#8211; \u2022 Brzo uklanja mrlje od plijesni\u2022 Jednostavno prskanje daje<\/p>\n","protected":false},"featured_media":5940745,"comment_status":"closed","ping_status":"closed","template":"","meta":[],"product_brand":[3436],"product_cat":[1628],"product_tag":[],"class_list":{"0":"post-3688992","1":"product","2":"type-product","3":"status-publish","4":"has-post-thumbnail","6":"product_brand-starbrite-hr","7":"product_cat-proizvodi-za-ciscenje","9":"first","10":"instock","11":"shipping-taxable","12":"purchasable","13":"product-type-simple"},"_links":{"self":[{"href":"https:\/\/stoic-curie.212-227-153-4.plesk.page\/hr\/wp-json\/wp\/v2\/product\/3688992","targetHints":{"allow":["GET"]}}],"collection":[{"href":"https:\/\/stoic-curie.212-227-153-4.plesk.page\/hr\/wp-json\/wp\/v2\/product"}],"about":[{"href":"https:\/\/stoic-curie.212-227-153-4.plesk.page\/hr\/wp-json\/wp\/v2\/types\/product"}],"replies":[{"embeddable":true,"href":"https:\/\/stoic-curie.212-227-153-4.plesk.page\/hr\/wp-json\/wp\/v2\/comments?post=3688992"}],"version-history":[{"count":0,"href":"https:\/\/stoic-curie.212-227-153-4.plesk.page\/hr\/wp-json\/wp\/v2\/product\/3688992\/revisions"}],"wp:featuredmedia":[{"embeddable":true,"href":"https:\/\/stoic-curie.212-227-153-4.plesk.page\/hr\/wp-json\/wp\/v2\/media\/5940745"}],"wp:attachment":[{"href":"https:\/\/stoic-curie.212-227-153-4.plesk.page\/hr\/wp-json\/wp\/v2\/media?parent=3688992"}],"wp:term":[{"taxonomy":"product_brand","embeddable":true,"href":"https:\/\/stoic-curie.212-227-153-4.plesk.page\/hr\/wp-json\/wp\/v2\/product_brand?post=3688992"},{"taxonomy":"product_cat","embeddable":true,"href":"https:\/\/stoic-curie.212-227-153-4.plesk.page\/hr\/wp-json\/wp\/v2\/product_cat?post=3688992"},{"taxonomy":"product_tag","embeddable":true,"href":"https:\/\/stoic-curie.212-227-153-4.plesk.page\/hr\/wp-json\/wp\/v2\/product_tag?post=3688992"}],"curies":[{"name":"wp","href":"https:\/\/api.w.org\/{rel}","templated":true}]}}