{"id":3688997,"date":"2025-10-13T13:36:41","date_gmt":"2025-10-13T17:36:41","guid":{"rendered":"https:\/\/stoic-curie.212-227-153-4.plesk.page\/product\/star-brite-vinil-restaurator-500-ml\/"},"modified":"2026-02-25T00:00:51","modified_gmt":"2026-02-25T00:00:51","slug":"star-brite-vinil-restaurator-500-ml","status":"publish","type":"product","link":"https:\/\/stoic-curie.212-227-153-4.plesk.page\/hr\/product\/star-brite-vinil-restaurator-500-ml\/","title":{"rendered":"Star Brite, vinil restaurator, 500 ml"},"content":{"rendered":"<p>Star Brite, vinil restaurator, 500 ml &#8211; <\/p>\n<p>\u2022 Revolucionarna formula koja obnavlja vinil kao nijedna druga polirka ili za\u0161titno sredstvo<br \/>\u2022 Idealno za obnovu starog i izblijedjelog vinila<br \/>\u2022 Ostavlja dugotrajni, vodootporni za\u0161titni sloj<br \/>\u2022 Odr\u017eava vinil mekanim i fleksibilnim, sprje\u010dava isu\u0161ivanje i pucanje<br \/>\u2022 UV za\u0161tita \u0161titi od \u0161tetnih sun\u010devih zraka<\/p>\n","protected":false},"excerpt":{"rendered":"<p>Star Brite, vinil restaurator, 500 ml &#8211; \u2022 Revolucionarna formula koja obnavlja vinil kao nijedna druga polirka ili za\u0161titno sredstvo\u2022<\/p>\n","protected":false},"featured_media":5940754,"comment_status":"closed","ping_status":"closed","template":"","meta":[],"product_brand":[3436],"product_cat":[1628],"product_tag":[],"class_list":{"0":"post-3688997","1":"product","2":"type-product","3":"status-publish","4":"has-post-thumbnail","6":"product_brand-starbrite-hr","7":"product_cat-proizvodi-za-ciscenje","9":"first","10":"instock","11":"shipping-taxable","12":"purchasable","13":"product-type-simple"},"_links":{"self":[{"href":"https:\/\/stoic-curie.212-227-153-4.plesk.page\/hr\/wp-json\/wp\/v2\/product\/3688997","targetHints":{"allow":["GET"]}}],"collection":[{"href":"https:\/\/stoic-curie.212-227-153-4.plesk.page\/hr\/wp-json\/wp\/v2\/product"}],"about":[{"href":"https:\/\/stoic-curie.212-227-153-4.plesk.page\/hr\/wp-json\/wp\/v2\/types\/product"}],"replies":[{"embeddable":true,"href":"https:\/\/stoic-curie.212-227-153-4.plesk.page\/hr\/wp-json\/wp\/v2\/comments?post=3688997"}],"version-history":[{"count":0,"href":"https:\/\/stoic-curie.212-227-153-4.plesk.page\/hr\/wp-json\/wp\/v2\/product\/3688997\/revisions"}],"wp:featuredmedia":[{"embeddable":true,"href":"https:\/\/stoic-curie.212-227-153-4.plesk.page\/hr\/wp-json\/wp\/v2\/media\/5940754"}],"wp:attachment":[{"href":"https:\/\/stoic-curie.212-227-153-4.plesk.page\/hr\/wp-json\/wp\/v2\/media?parent=3688997"}],"wp:term":[{"taxonomy":"product_brand","embeddable":true,"href":"https:\/\/stoic-curie.212-227-153-4.plesk.page\/hr\/wp-json\/wp\/v2\/product_brand?post=3688997"},{"taxonomy":"product_cat","embeddable":true,"href":"https:\/\/stoic-curie.212-227-153-4.plesk.page\/hr\/wp-json\/wp\/v2\/product_cat?post=3688997"},{"taxonomy":"product_tag","embeddable":true,"href":"https:\/\/stoic-curie.212-227-153-4.plesk.page\/hr\/wp-json\/wp\/v2\/product_tag?post=3688997"}],"curies":[{"name":"wp","href":"https:\/\/api.w.org\/{rel}","templated":true}]}}