{"id":3688998,"date":"2025-10-13T13:36:41","date_gmt":"2025-10-13T17:36:41","guid":{"rendered":"https:\/\/stoic-curie.212-227-153-4.plesk.page\/product\/star-brite-sredstvo-za-uklanjanje-mrlje-od-hrde-boca-s-rasprsivacem-od-650-ml\/"},"modified":"2026-02-25T00:00:51","modified_gmt":"2026-02-25T00:00:51","slug":"star-brite-sredstvo-za-uklanjanje-mrlje-od-hrde-boca-s-rasprsivacem-od-650-ml","status":"publish","type":"product","link":"https:\/\/stoic-curie.212-227-153-4.plesk.page\/hr\/product\/star-brite-sredstvo-za-uklanjanje-mrlje-od-hrde-boca-s-rasprsivacem-od-650-ml\/","title":{"rendered":"Star Brite sredstvo za uklanjanje mrlje od hr\u0111e, boca s raspr\u0161ivacem od 650 ml"},"content":{"rendered":"<p>Star Brite sredstvo za uklanjanje mrlje od hr\u0111e, boca s raspr\u0161ivacem od 650 ml &#8211; <\/p>\n<p>\u2022 Lak za kori\u0161tenje<br \/>\u2022 Uklanja mrlje od hr\u0111e i naslage hr\u0111e s prskalica<br \/>\u2022 Nema potrebe za trljanjem ili ribanjem<br \/>\u2022 Sigurno za kori\u0161tenje na fiberglasu, metalu i obojenim povr\u0161inama<\/p>\n","protected":false},"excerpt":{"rendered":"<p>Star Brite sredstvo za uklanjanje mrlje od hr\u0111e, boca s raspr\u0161ivacem od 650 ml &#8211; \u2022 Lak za kori\u0161tenje\u2022 Uklanja<\/p>\n","protected":false},"featured_media":5940755,"comment_status":"closed","ping_status":"closed","template":"","meta":[],"product_brand":[3436],"product_cat":[1628],"product_tag":[],"class_list":{"0":"post-3688998","1":"product","2":"type-product","3":"status-publish","4":"has-post-thumbnail","6":"product_brand-starbrite-hr","7":"product_cat-proizvodi-za-ciscenje","9":"first","10":"instock","11":"shipping-taxable","12":"purchasable","13":"product-type-simple"},"_links":{"self":[{"href":"https:\/\/stoic-curie.212-227-153-4.plesk.page\/hr\/wp-json\/wp\/v2\/product\/3688998","targetHints":{"allow":["GET"]}}],"collection":[{"href":"https:\/\/stoic-curie.212-227-153-4.plesk.page\/hr\/wp-json\/wp\/v2\/product"}],"about":[{"href":"https:\/\/stoic-curie.212-227-153-4.plesk.page\/hr\/wp-json\/wp\/v2\/types\/product"}],"replies":[{"embeddable":true,"href":"https:\/\/stoic-curie.212-227-153-4.plesk.page\/hr\/wp-json\/wp\/v2\/comments?post=3688998"}],"version-history":[{"count":0,"href":"https:\/\/stoic-curie.212-227-153-4.plesk.page\/hr\/wp-json\/wp\/v2\/product\/3688998\/revisions"}],"wp:featuredmedia":[{"embeddable":true,"href":"https:\/\/stoic-curie.212-227-153-4.plesk.page\/hr\/wp-json\/wp\/v2\/media\/5940755"}],"wp:attachment":[{"href":"https:\/\/stoic-curie.212-227-153-4.plesk.page\/hr\/wp-json\/wp\/v2\/media?parent=3688998"}],"wp:term":[{"taxonomy":"product_brand","embeddable":true,"href":"https:\/\/stoic-curie.212-227-153-4.plesk.page\/hr\/wp-json\/wp\/v2\/product_brand?post=3688998"},{"taxonomy":"product_cat","embeddable":true,"href":"https:\/\/stoic-curie.212-227-153-4.plesk.page\/hr\/wp-json\/wp\/v2\/product_cat?post=3688998"},{"taxonomy":"product_tag","embeddable":true,"href":"https:\/\/stoic-curie.212-227-153-4.plesk.page\/hr\/wp-json\/wp\/v2\/product_tag?post=3688998"}],"curies":[{"name":"wp","href":"https:\/\/api.w.org\/{rel}","templated":true}]}}