{"id":3689000,"date":"2025-10-13T13:36:42","date_gmt":"2025-10-13T17:36:42","guid":{"rendered":"https:\/\/stoic-curie.212-227-153-4.plesk.page\/product\/cistac-trupa-broda-star-brite-1lt\/"},"modified":"2026-02-25T00:00:51","modified_gmt":"2026-02-25T00:00:51","slug":"cistac-trupa-broda-star-brite-1lt","status":"publish","type":"product","link":"https:\/\/stoic-curie.212-227-153-4.plesk.page\/hr\/product\/cistac-trupa-broda-star-brite-1lt\/","title":{"rendered":"\u010cista\u010d trupa broda Star Brite 1lt"},"content":{"rendered":"<p>\u010cista\u010d trupa broda Star Brite 1lt &#8211; <\/p>\n<p>\u2022 Brzo i lako uklanja naslage na dnu \u010damaca, linije pjene i mrlje od hr\u0111e.  <br \/>\u2022 Vodena, ekolo\u0161ki prihvatljiva i biorazgradiva formula.  <br \/>\u2022 Poseban patentirani proces puferiranja \u010dini ovaj proizvod sigurnijim od drugih sredstava za \u010di\u0161\u0107enje dna na bazi kiseline.<\/p>\n","protected":false},"excerpt":{"rendered":"<p>\u010cista\u010d trupa broda Star Brite 1lt &#8211; \u2022 Brzo i lako uklanja naslage na dnu \u010damaca, linije pjene i mrlje<\/p>\n","protected":false},"featured_media":5940758,"comment_status":"closed","ping_status":"closed","template":"","meta":[],"product_brand":[3436],"product_cat":[1628],"product_tag":[],"class_list":{"0":"post-3689000","1":"product","2":"type-product","3":"status-publish","4":"has-post-thumbnail","6":"product_brand-starbrite-hr","7":"product_cat-proizvodi-za-ciscenje","9":"first","10":"instock","11":"shipping-taxable","12":"purchasable","13":"product-type-simple"},"_links":{"self":[{"href":"https:\/\/stoic-curie.212-227-153-4.plesk.page\/hr\/wp-json\/wp\/v2\/product\/3689000","targetHints":{"allow":["GET"]}}],"collection":[{"href":"https:\/\/stoic-curie.212-227-153-4.plesk.page\/hr\/wp-json\/wp\/v2\/product"}],"about":[{"href":"https:\/\/stoic-curie.212-227-153-4.plesk.page\/hr\/wp-json\/wp\/v2\/types\/product"}],"replies":[{"embeddable":true,"href":"https:\/\/stoic-curie.212-227-153-4.plesk.page\/hr\/wp-json\/wp\/v2\/comments?post=3689000"}],"version-history":[{"count":0,"href":"https:\/\/stoic-curie.212-227-153-4.plesk.page\/hr\/wp-json\/wp\/v2\/product\/3689000\/revisions"}],"wp:featuredmedia":[{"embeddable":true,"href":"https:\/\/stoic-curie.212-227-153-4.plesk.page\/hr\/wp-json\/wp\/v2\/media\/5940758"}],"wp:attachment":[{"href":"https:\/\/stoic-curie.212-227-153-4.plesk.page\/hr\/wp-json\/wp\/v2\/media?parent=3689000"}],"wp:term":[{"taxonomy":"product_brand","embeddable":true,"href":"https:\/\/stoic-curie.212-227-153-4.plesk.page\/hr\/wp-json\/wp\/v2\/product_brand?post=3689000"},{"taxonomy":"product_cat","embeddable":true,"href":"https:\/\/stoic-curie.212-227-153-4.plesk.page\/hr\/wp-json\/wp\/v2\/product_cat?post=3689000"},{"taxonomy":"product_tag","embeddable":true,"href":"https:\/\/stoic-curie.212-227-153-4.plesk.page\/hr\/wp-json\/wp\/v2\/product_tag?post=3689000"}],"curies":[{"name":"wp","href":"https:\/\/api.w.org\/{rel}","templated":true}]}}