{"id":3689001,"date":"2025-10-13T13:36:42","date_gmt":"2025-10-13T17:36:42","guid":{"rendered":"https:\/\/stoic-curie.212-227-153-4.plesk.page\/product\/obnavljac-boje-star-brite-460ml\/"},"modified":"2026-02-25T00:00:51","modified_gmt":"2026-02-25T00:00:51","slug":"obnavljac-boje-star-brite-460ml","status":"publish","type":"product","link":"https:\/\/stoic-curie.212-227-153-4.plesk.page\/hr\/product\/obnavljac-boje-star-brite-460ml\/","title":{"rendered":"Obnavlja\u010d boje Star Brite 460ml"},"content":{"rendered":"<p>Obnavlja\u010d boje Star Brite 460ml &#8211; <\/p>\n<p>\u2022 Obnavlja izvorni oblik i sjaj<br \/>\u2022 Lako se koristi<br \/>\u2022 Uklanja tvrdu oksidaciju, tragove hr\u0111e i izbjeljivanje<br \/>\u2022 Pe\u010dati sve povr\u0161ine kako bi ih za\u0161titio od izblje\u0111ivanja zbog lo\u0161eg vremena<br \/>\u2022 Ne o\u0161te\u0107uje niti ogrebe gelcoat<br \/>\u2022 Izvrsno za \u010damce tamnih ili sjajnih boja<\/p>\n","protected":false},"excerpt":{"rendered":"<p>Obnavlja\u010d boje Star Brite 460ml &#8211; \u2022 Obnavlja izvorni oblik i sjaj\u2022 Lako se koristi\u2022 Uklanja tvrdu oksidaciju, tragove hr\u0111e<\/p>\n","protected":false},"featured_media":5940760,"comment_status":"closed","ping_status":"closed","template":"","meta":[],"product_brand":[3436],"product_cat":[1628,1626],"product_tag":[],"class_list":{"0":"post-3689001","1":"product","2":"type-product","3":"status-publish","4":"has-post-thumbnail","6":"product_brand-starbrite-hr","7":"product_cat-proizvodi-za-ciscenje","8":"product_cat-proizvodi-za-odrzavanje","10":"first","11":"instock","12":"shipping-taxable","13":"purchasable","14":"product-type-simple"},"_links":{"self":[{"href":"https:\/\/stoic-curie.212-227-153-4.plesk.page\/hr\/wp-json\/wp\/v2\/product\/3689001","targetHints":{"allow":["GET"]}}],"collection":[{"href":"https:\/\/stoic-curie.212-227-153-4.plesk.page\/hr\/wp-json\/wp\/v2\/product"}],"about":[{"href":"https:\/\/stoic-curie.212-227-153-4.plesk.page\/hr\/wp-json\/wp\/v2\/types\/product"}],"replies":[{"embeddable":true,"href":"https:\/\/stoic-curie.212-227-153-4.plesk.page\/hr\/wp-json\/wp\/v2\/comments?post=3689001"}],"version-history":[{"count":0,"href":"https:\/\/stoic-curie.212-227-153-4.plesk.page\/hr\/wp-json\/wp\/v2\/product\/3689001\/revisions"}],"wp:featuredmedia":[{"embeddable":true,"href":"https:\/\/stoic-curie.212-227-153-4.plesk.page\/hr\/wp-json\/wp\/v2\/media\/5940760"}],"wp:attachment":[{"href":"https:\/\/stoic-curie.212-227-153-4.plesk.page\/hr\/wp-json\/wp\/v2\/media?parent=3689001"}],"wp:term":[{"taxonomy":"product_brand","embeddable":true,"href":"https:\/\/stoic-curie.212-227-153-4.plesk.page\/hr\/wp-json\/wp\/v2\/product_brand?post=3689001"},{"taxonomy":"product_cat","embeddable":true,"href":"https:\/\/stoic-curie.212-227-153-4.plesk.page\/hr\/wp-json\/wp\/v2\/product_cat?post=3689001"},{"taxonomy":"product_tag","embeddable":true,"href":"https:\/\/stoic-curie.212-227-153-4.plesk.page\/hr\/wp-json\/wp\/v2\/product_tag?post=3689001"}],"curies":[{"name":"wp","href":"https:\/\/api.w.org\/{rel}","templated":true}]}}