{"id":3689004,"date":"2025-10-13T13:36:43","date_gmt":"2025-10-13T17:36:43","guid":{"rendered":"https:\/\/stoic-curie.212-227-153-4.plesk.page\/product\/biorazgradljiv-nezapaljivi-odmascivac-kaljuze-1lt\/"},"modified":"2026-02-25T00:00:51","modified_gmt":"2026-02-25T00:00:51","slug":"biorazgradljiv-nezapaljivi-odmascivac-kaljuze-1lt","status":"publish","type":"product","link":"https:\/\/stoic-curie.212-227-153-4.plesk.page\/hr\/product\/biorazgradljiv-nezapaljivi-odmascivac-kaljuze-1lt\/","title":{"rendered":"Biorazgradljiv nezapaljivi odma\u0161civac kalju\u017ee 1lt"},"content":{"rendered":"<p>Biorazgradljiv nezapaljivi odma\u0161civac kalju\u017ee 1lt &#8211; <\/p>\n<p>Biolo\u0161ki razgradiv, nepaljivi odma\u0161\u0107iva\u010d i \u010dista\u010d, idealan za \u010di\u0161\u0107enje i odma\u0161\u0107ivanje bunara, motora i trupa. Uklanja prljav\u0161tinu, ulje, dizel i masti. Koristi se \u010disti ili razrije\u0111eni ovisno o ja\u010dini prljav\u0161tine.<\/p>\n","protected":false},"excerpt":{"rendered":"<p>Biorazgradljiv nezapaljivi odma\u0161civac kalju\u017ee 1lt &#8211; Biolo\u0161ki razgradiv, nepaljivi odma\u0161\u0107iva\u010d i \u010dista\u010d, idealan za \u010di\u0161\u0107enje i odma\u0161\u0107ivanje bunara, motora i<\/p>\n","protected":false},"featured_media":5940763,"comment_status":"closed","ping_status":"closed","template":"","meta":[],"product_brand":[3236],"product_cat":[1628],"product_tag":[],"class_list":{"0":"post-3689004","1":"product","2":"type-product","3":"status-publish","4":"has-post-thumbnail","6":"product_brand-osculati-hr","7":"product_cat-proizvodi-za-ciscenje","9":"first","10":"instock","11":"shipping-taxable","12":"purchasable","13":"product-type-simple"},"_links":{"self":[{"href":"https:\/\/stoic-curie.212-227-153-4.plesk.page\/hr\/wp-json\/wp\/v2\/product\/3689004","targetHints":{"allow":["GET"]}}],"collection":[{"href":"https:\/\/stoic-curie.212-227-153-4.plesk.page\/hr\/wp-json\/wp\/v2\/product"}],"about":[{"href":"https:\/\/stoic-curie.212-227-153-4.plesk.page\/hr\/wp-json\/wp\/v2\/types\/product"}],"replies":[{"embeddable":true,"href":"https:\/\/stoic-curie.212-227-153-4.plesk.page\/hr\/wp-json\/wp\/v2\/comments?post=3689004"}],"version-history":[{"count":0,"href":"https:\/\/stoic-curie.212-227-153-4.plesk.page\/hr\/wp-json\/wp\/v2\/product\/3689004\/revisions"}],"wp:featuredmedia":[{"embeddable":true,"href":"https:\/\/stoic-curie.212-227-153-4.plesk.page\/hr\/wp-json\/wp\/v2\/media\/5940763"}],"wp:attachment":[{"href":"https:\/\/stoic-curie.212-227-153-4.plesk.page\/hr\/wp-json\/wp\/v2\/media?parent=3689004"}],"wp:term":[{"taxonomy":"product_brand","embeddable":true,"href":"https:\/\/stoic-curie.212-227-153-4.plesk.page\/hr\/wp-json\/wp\/v2\/product_brand?post=3689004"},{"taxonomy":"product_cat","embeddable":true,"href":"https:\/\/stoic-curie.212-227-153-4.plesk.page\/hr\/wp-json\/wp\/v2\/product_cat?post=3689004"},{"taxonomy":"product_tag","embeddable":true,"href":"https:\/\/stoic-curie.212-227-153-4.plesk.page\/hr\/wp-json\/wp\/v2\/product_tag?post=3689004"}],"curies":[{"name":"wp","href":"https:\/\/api.w.org\/{rel}","templated":true}]}}