{"id":3689005,"date":"2025-10-13T13:36:43","date_gmt":"2025-10-13T17:36:43","guid":{"rendered":"https:\/\/stoic-curie.212-227-153-4.plesk.page\/product\/cistac-za-nehrdajuci-celik-star-brite-500ml\/"},"modified":"2026-02-25T00:00:51","modified_gmt":"2026-02-25T00:00:51","slug":"cistac-za-nehrdajuci-celik-star-brite-500ml","status":"publish","type":"product","link":"https:\/\/stoic-curie.212-227-153-4.plesk.page\/hr\/product\/cistac-za-nehrdajuci-celik-star-brite-500ml\/","title":{"rendered":"\u010cistac za nehr\u0111aju\u0107i \u010delik Star Brite 500ml"},"content":{"rendered":"<p>\u010cistac za nehr\u0111aju\u0107i \u010delik Star Brite 500ml &#8211; <\/p>\n<p>\u2022 \u010cisti i sjaji kromirane i nehr\u0111aju\u0107e \u010deli\u010dne povr\u0161ine<br \/>\u2022 \u0160titi od korozije, promjene boje, mrlja i\/ili hr\u0111e<br \/>\u2022 Lako se koristi, nanosi se i uklanja \u010distom krpom<br \/>\u2022 Otpornosti na prskanje soli i vode<br \/>\u2022 Ve\u017ee se za metal radi dugotrajne za\u0161tite<br \/>\u2022 Ostavlja zapanjuju\u0107i sjaj<\/p>\n","protected":false},"excerpt":{"rendered":"<p>\u010cistac za nehr\u0111aju\u0107i \u010delik Star Brite 500ml &#8211; \u2022 \u010cisti i sjaji kromirane i nehr\u0111aju\u0107e \u010deli\u010dne povr\u0161ine\u2022 \u0160titi od korozije,<\/p>\n","protected":false},"featured_media":5940765,"comment_status":"closed","ping_status":"closed","template":"","meta":[],"product_brand":[3436],"product_cat":[1628],"product_tag":[],"class_list":{"0":"post-3689005","1":"product","2":"type-product","3":"status-publish","4":"has-post-thumbnail","6":"product_brand-starbrite-hr","7":"product_cat-proizvodi-za-ciscenje","9":"first","10":"instock","11":"shipping-taxable","12":"purchasable","13":"product-type-simple"},"_links":{"self":[{"href":"https:\/\/stoic-curie.212-227-153-4.plesk.page\/hr\/wp-json\/wp\/v2\/product\/3689005","targetHints":{"allow":["GET"]}}],"collection":[{"href":"https:\/\/stoic-curie.212-227-153-4.plesk.page\/hr\/wp-json\/wp\/v2\/product"}],"about":[{"href":"https:\/\/stoic-curie.212-227-153-4.plesk.page\/hr\/wp-json\/wp\/v2\/types\/product"}],"replies":[{"embeddable":true,"href":"https:\/\/stoic-curie.212-227-153-4.plesk.page\/hr\/wp-json\/wp\/v2\/comments?post=3689005"}],"version-history":[{"count":0,"href":"https:\/\/stoic-curie.212-227-153-4.plesk.page\/hr\/wp-json\/wp\/v2\/product\/3689005\/revisions"}],"wp:featuredmedia":[{"embeddable":true,"href":"https:\/\/stoic-curie.212-227-153-4.plesk.page\/hr\/wp-json\/wp\/v2\/media\/5940765"}],"wp:attachment":[{"href":"https:\/\/stoic-curie.212-227-153-4.plesk.page\/hr\/wp-json\/wp\/v2\/media?parent=3689005"}],"wp:term":[{"taxonomy":"product_brand","embeddable":true,"href":"https:\/\/stoic-curie.212-227-153-4.plesk.page\/hr\/wp-json\/wp\/v2\/product_brand?post=3689005"},{"taxonomy":"product_cat","embeddable":true,"href":"https:\/\/stoic-curie.212-227-153-4.plesk.page\/hr\/wp-json\/wp\/v2\/product_cat?post=3689005"},{"taxonomy":"product_tag","embeddable":true,"href":"https:\/\/stoic-curie.212-227-153-4.plesk.page\/hr\/wp-json\/wp\/v2\/product_tag?post=3689005"}],"curies":[{"name":"wp","href":"https:\/\/api.w.org\/{rel}","templated":true}]}}