{"id":3689019,"date":"2025-10-13T13:36:47","date_gmt":"2025-10-13T17:36:47","guid":{"rendered":"https:\/\/stoic-curie.212-227-153-4.plesk.page\/product\/mini-spuzvasti-valjci-za-bojanje-10cm\/"},"modified":"2026-02-25T00:00:51","modified_gmt":"2026-02-25T00:00:51","slug":"mini-spuzvasti-valjci-za-bojanje-10cm","status":"publish","type":"product","link":"https:\/\/stoic-curie.212-227-153-4.plesk.page\/hr\/product\/mini-spuzvasti-valjci-za-bojanje-10cm\/","title":{"rendered":"Mini spu\u017evasti valjci za bojanje 10cm"},"content":{"rendered":"<p>Mini spu\u017evasti valjci za bojanje 10cm &#8211; <\/p>\n<p>Perlon bijeli valjci s \u017eutom linijom. Visina vlakna 12 mm. Za boje i lakove (uklju\u010duju\u0107i Nitro). &#8211; Visokokvalitetni Moltoprene pjenasti bijeli valjci. Ekstra tanka poroznost (bez Nitro!). &#8211; Visokokvalitetni Ecru valjci od velura. Idealno za sve lakove (uklju\u010duju\u0107i Nitro). &#8211; Mikrofiber bijeli valjci za te\u010dne lakove. Visoka mo\u0107 upijanja. &#8211; Dr\u0161ke valjaka od 5, 10 i 15 cm.<\/p>\n","protected":false},"excerpt":{"rendered":"<p>Mini spu\u017evasti valjci za bojanje 10cm &#8211; Perlon bijeli valjci s \u017eutom linijom. Visina vlakna 12 mm. Za boje i<\/p>\n","protected":false},"featured_media":5940770,"comment_status":"closed","ping_status":"closed","template":"","meta":[],"product_brand":[3236],"product_cat":[1632],"product_tag":[],"class_list":{"0":"post-3689019","1":"product","2":"type-product","3":"status-publish","4":"has-post-thumbnail","6":"product_brand-osculati-hr","7":"product_cat-alati-za-bojanje","9":"first","10":"instock","11":"shipping-taxable","12":"purchasable","13":"product-type-simple"},"_links":{"self":[{"href":"https:\/\/stoic-curie.212-227-153-4.plesk.page\/hr\/wp-json\/wp\/v2\/product\/3689019","targetHints":{"allow":["GET"]}}],"collection":[{"href":"https:\/\/stoic-curie.212-227-153-4.plesk.page\/hr\/wp-json\/wp\/v2\/product"}],"about":[{"href":"https:\/\/stoic-curie.212-227-153-4.plesk.page\/hr\/wp-json\/wp\/v2\/types\/product"}],"replies":[{"embeddable":true,"href":"https:\/\/stoic-curie.212-227-153-4.plesk.page\/hr\/wp-json\/wp\/v2\/comments?post=3689019"}],"version-history":[{"count":0,"href":"https:\/\/stoic-curie.212-227-153-4.plesk.page\/hr\/wp-json\/wp\/v2\/product\/3689019\/revisions"}],"wp:featuredmedia":[{"embeddable":true,"href":"https:\/\/stoic-curie.212-227-153-4.plesk.page\/hr\/wp-json\/wp\/v2\/media\/5940770"}],"wp:attachment":[{"href":"https:\/\/stoic-curie.212-227-153-4.plesk.page\/hr\/wp-json\/wp\/v2\/media?parent=3689019"}],"wp:term":[{"taxonomy":"product_brand","embeddable":true,"href":"https:\/\/stoic-curie.212-227-153-4.plesk.page\/hr\/wp-json\/wp\/v2\/product_brand?post=3689019"},{"taxonomy":"product_cat","embeddable":true,"href":"https:\/\/stoic-curie.212-227-153-4.plesk.page\/hr\/wp-json\/wp\/v2\/product_cat?post=3689019"},{"taxonomy":"product_tag","embeddable":true,"href":"https:\/\/stoic-curie.212-227-153-4.plesk.page\/hr\/wp-json\/wp\/v2\/product_tag?post=3689019"}],"curies":[{"name":"wp","href":"https:\/\/api.w.org\/{rel}","templated":true}]}}