{"id":3689028,"date":"2025-10-13T13:36:49","date_gmt":"2025-10-13T17:36:49","guid":{"rendered":"https:\/\/stoic-curie.212-227-153-4.plesk.page\/product\/abrazivna-podloga-100-x-125-x-125-mm-g-p36\/"},"modified":"2026-02-25T00:00:51","modified_gmt":"2026-02-25T00:00:51","slug":"abrazivna-podloga-100-x-125-x-125-mm-g-p36","status":"publish","type":"product","link":"https:\/\/stoic-curie.212-227-153-4.plesk.page\/hr\/product\/abrazivna-podloga-100-x-125-x-125-mm-g-p36\/","title":{"rendered":"Abrazivna podloga 100 x 125 x 12,5 mm G (P36)"},"content":{"rendered":"<p>Abrazivna podloga 100 x 125 x 12,5 mm G (P36) &#8211; <\/p>\n<p>Sinteti\u010dka spu\u017eva abrazivni blok vezan s posebnim smolom na abrazivnoj jastu\u010di. Idealno za uklanjanje boje, soli, hr\u0111e i masti s drva i metala. Fini zrnci su prikladni za uklanjanje nesavr\u0161enosti i mutno\u0107e s bojenih povr\u0161ina u pripremi za poliranje. \u010cetiri abrazivne strane za male spu\u017eve i dvije abrazivne strane za velike spu\u017eve.<\/p>\n","protected":false},"excerpt":{"rendered":"<p>Abrazivna podloga 100 x 125 x 12,5 mm G (P36) &#8211; Sinteti\u010dka spu\u017eva abrazivni blok vezan s posebnim smolom na<\/p>\n","protected":false},"featured_media":5940777,"comment_status":"closed","ping_status":"closed","template":"","meta":[],"product_brand":[3236],"product_cat":[1632],"product_tag":[],"class_list":{"0":"post-3689028","1":"product","2":"type-product","3":"status-publish","4":"has-post-thumbnail","6":"product_brand-osculati-hr","7":"product_cat-alati-za-bojanje","9":"first","10":"instock","11":"shipping-taxable","12":"purchasable","13":"product-type-simple"},"_links":{"self":[{"href":"https:\/\/stoic-curie.212-227-153-4.plesk.page\/hr\/wp-json\/wp\/v2\/product\/3689028","targetHints":{"allow":["GET"]}}],"collection":[{"href":"https:\/\/stoic-curie.212-227-153-4.plesk.page\/hr\/wp-json\/wp\/v2\/product"}],"about":[{"href":"https:\/\/stoic-curie.212-227-153-4.plesk.page\/hr\/wp-json\/wp\/v2\/types\/product"}],"replies":[{"embeddable":true,"href":"https:\/\/stoic-curie.212-227-153-4.plesk.page\/hr\/wp-json\/wp\/v2\/comments?post=3689028"}],"version-history":[{"count":0,"href":"https:\/\/stoic-curie.212-227-153-4.plesk.page\/hr\/wp-json\/wp\/v2\/product\/3689028\/revisions"}],"wp:featuredmedia":[{"embeddable":true,"href":"https:\/\/stoic-curie.212-227-153-4.plesk.page\/hr\/wp-json\/wp\/v2\/media\/5940777"}],"wp:attachment":[{"href":"https:\/\/stoic-curie.212-227-153-4.plesk.page\/hr\/wp-json\/wp\/v2\/media?parent=3689028"}],"wp:term":[{"taxonomy":"product_brand","embeddable":true,"href":"https:\/\/stoic-curie.212-227-153-4.plesk.page\/hr\/wp-json\/wp\/v2\/product_brand?post=3689028"},{"taxonomy":"product_cat","embeddable":true,"href":"https:\/\/stoic-curie.212-227-153-4.plesk.page\/hr\/wp-json\/wp\/v2\/product_cat?post=3689028"},{"taxonomy":"product_tag","embeddable":true,"href":"https:\/\/stoic-curie.212-227-153-4.plesk.page\/hr\/wp-json\/wp\/v2\/product_tag?post=3689028"}],"curies":[{"name":"wp","href":"https:\/\/api.w.org\/{rel}","templated":true}]}}