{"id":3689031,"date":"2025-10-13T13:36:50","date_gmt":"2025-10-13T17:36:50","guid":{"rendered":"https:\/\/stoic-curie.212-227-153-4.plesk.page\/product\/mekani-pvc-drzac-za-pice-za-zidni-nosac\/"},"modified":"2026-02-25T00:00:51","modified_gmt":"2026-02-25T00:00:51","slug":"mekani-pvc-drzac-za-pice-za-zidni-nosac","status":"publish","type":"product","link":"https:\/\/stoic-curie.212-227-153-4.plesk.page\/hr\/product\/mekani-pvc-drzac-za-pice-za-zidni-nosac\/","title":{"rendered":"Mekani PVC dr\u017ea\u010d za pi\u0107e za zidni nosa\u010d"},"content":{"rendered":"<p>Mekani PVC dr\u017ea\u010d za pi\u0107e za zidni nosa\u010d &#8211; <\/p>\n<p>Dr\u017ea\u010d za pi\u0107e od mekog PVC-a za monta\u017eu na zid.<\/p>\n","protected":false},"excerpt":{"rendered":"<p>Mekani PVC dr\u017ea\u010d za pi\u0107e za zidni nosa\u010d &#8211; Dr\u017ea\u010d za pi\u0107e od mekog PVC-a za monta\u017eu na zid.<\/p>\n","protected":false},"featured_media":5940783,"comment_status":"closed","ping_status":"closed","template":"","meta":[],"product_brand":[3491],"product_cat":[1644],"product_tag":[],"class_list":{"0":"post-3689031","1":"product","2":"type-product","3":"status-publish","4":"has-post-thumbnail","6":"product_brand-trem-hr","7":"product_cat-pribor-za-spremista","9":"first","10":"instock","11":"shipping-taxable","12":"purchasable","13":"product-type-simple"},"_links":{"self":[{"href":"https:\/\/stoic-curie.212-227-153-4.plesk.page\/hr\/wp-json\/wp\/v2\/product\/3689031","targetHints":{"allow":["GET"]}}],"collection":[{"href":"https:\/\/stoic-curie.212-227-153-4.plesk.page\/hr\/wp-json\/wp\/v2\/product"}],"about":[{"href":"https:\/\/stoic-curie.212-227-153-4.plesk.page\/hr\/wp-json\/wp\/v2\/types\/product"}],"replies":[{"embeddable":true,"href":"https:\/\/stoic-curie.212-227-153-4.plesk.page\/hr\/wp-json\/wp\/v2\/comments?post=3689031"}],"version-history":[{"count":0,"href":"https:\/\/stoic-curie.212-227-153-4.plesk.page\/hr\/wp-json\/wp\/v2\/product\/3689031\/revisions"}],"wp:featuredmedia":[{"embeddable":true,"href":"https:\/\/stoic-curie.212-227-153-4.plesk.page\/hr\/wp-json\/wp\/v2\/media\/5940783"}],"wp:attachment":[{"href":"https:\/\/stoic-curie.212-227-153-4.plesk.page\/hr\/wp-json\/wp\/v2\/media?parent=3689031"}],"wp:term":[{"taxonomy":"product_brand","embeddable":true,"href":"https:\/\/stoic-curie.212-227-153-4.plesk.page\/hr\/wp-json\/wp\/v2\/product_brand?post=3689031"},{"taxonomy":"product_cat","embeddable":true,"href":"https:\/\/stoic-curie.212-227-153-4.plesk.page\/hr\/wp-json\/wp\/v2\/product_cat?post=3689031"},{"taxonomy":"product_tag","embeddable":true,"href":"https:\/\/stoic-curie.212-227-153-4.plesk.page\/hr\/wp-json\/wp\/v2\/product_tag?post=3689031"}],"curies":[{"name":"wp","href":"https:\/\/api.w.org\/{rel}","templated":true}]}}