{"id":3689032,"date":"2025-10-13T13:36:50","date_gmt":"2025-10-13T17:36:50","guid":{"rendered":"https:\/\/stoic-curie.212-227-153-4.plesk.page\/product\/drzac-za-topli-napitak-bijeli-s-kopcom\/"},"modified":"2026-02-25T00:00:51","modified_gmt":"2026-02-25T00:00:51","slug":"drzac-za-topli-napitak-bijeli-s-kopcom","status":"publish","type":"product","link":"https:\/\/stoic-curie.212-227-153-4.plesk.page\/hr\/product\/drzac-za-topli-napitak-bijeli-s-kopcom\/","title":{"rendered":"Dr\u017ea\u010d za topli napitak, bijeli s kop\u010dom"},"content":{"rendered":"<p>Dr\u017ea\u010d za topli napitak, bijeli s kop\u010dom &#8211; <\/p>\n<p>Termalna dr\u017ea\u010d za pi\u0107e izra\u0111en od 100% mekog poliuretana. Idealno za dr\u017eanje limenki, \u010da\u0161a ili 33 cl boca. Tako\u0111er dr\u017ei mobilne telefone, VHF, GPS, nao\u010dale itd. Mo\u017ee se lako pri\u010dvrstiti ili premjestiti na bilo koju cijev promjera 2230 mm, poput za\u0161titnih ograda, ambasadora, stupova ili rukohvata.<\/p>\n","protected":false},"excerpt":{"rendered":"<p>Dr\u017ea\u010d za topli napitak, bijeli s kop\u010dom &#8211; Termalna dr\u017ea\u010d za pi\u0107e izra\u0111en od 100% mekog poliuretana. Idealno za dr\u017eanje<\/p>\n","protected":false},"featured_media":5940784,"comment_status":"closed","ping_status":"closed","template":"","meta":[],"product_brand":[3491],"product_cat":[1644],"product_tag":[],"class_list":{"0":"post-3689032","1":"product","2":"type-product","3":"status-publish","4":"has-post-thumbnail","6":"product_brand-trem-hr","7":"product_cat-pribor-za-spremista","9":"first","10":"instock","11":"shipping-taxable","12":"purchasable","13":"product-type-simple"},"_links":{"self":[{"href":"https:\/\/stoic-curie.212-227-153-4.plesk.page\/hr\/wp-json\/wp\/v2\/product\/3689032","targetHints":{"allow":["GET"]}}],"collection":[{"href":"https:\/\/stoic-curie.212-227-153-4.plesk.page\/hr\/wp-json\/wp\/v2\/product"}],"about":[{"href":"https:\/\/stoic-curie.212-227-153-4.plesk.page\/hr\/wp-json\/wp\/v2\/types\/product"}],"replies":[{"embeddable":true,"href":"https:\/\/stoic-curie.212-227-153-4.plesk.page\/hr\/wp-json\/wp\/v2\/comments?post=3689032"}],"version-history":[{"count":0,"href":"https:\/\/stoic-curie.212-227-153-4.plesk.page\/hr\/wp-json\/wp\/v2\/product\/3689032\/revisions"}],"wp:featuredmedia":[{"embeddable":true,"href":"https:\/\/stoic-curie.212-227-153-4.plesk.page\/hr\/wp-json\/wp\/v2\/media\/5940784"}],"wp:attachment":[{"href":"https:\/\/stoic-curie.212-227-153-4.plesk.page\/hr\/wp-json\/wp\/v2\/media?parent=3689032"}],"wp:term":[{"taxonomy":"product_brand","embeddable":true,"href":"https:\/\/stoic-curie.212-227-153-4.plesk.page\/hr\/wp-json\/wp\/v2\/product_brand?post=3689032"},{"taxonomy":"product_cat","embeddable":true,"href":"https:\/\/stoic-curie.212-227-153-4.plesk.page\/hr\/wp-json\/wp\/v2\/product_cat?post=3689032"},{"taxonomy":"product_tag","embeddable":true,"href":"https:\/\/stoic-curie.212-227-153-4.plesk.page\/hr\/wp-json\/wp\/v2\/product_tag?post=3689032"}],"curies":[{"name":"wp","href":"https:\/\/api.w.org\/{rel}","templated":true}]}}