{"id":3689043,"date":"2025-10-13T13:36:53","date_gmt":"2025-10-13T17:36:53","guid":{"rendered":"https:\/\/stoic-curie.212-227-153-4.plesk.page\/product\/skiperski-sklopivi-noz-zuti\/"},"modified":"2026-02-25T00:00:51","modified_gmt":"2026-02-25T00:00:51","slug":"skiperski-sklopivi-noz-zuti","status":"publish","type":"product","link":"https:\/\/stoic-curie.212-227-153-4.plesk.page\/hr\/product\/skiperski-sklopivi-noz-zuti\/","title":{"rendered":"Skiperski sklopivi no\u017e, \u017euti"},"content":{"rendered":"<p>Skiperski sklopivi no\u017e, \u017euti &#8211; <\/p>\n<p>Switchblade no\u017e s zaklju\u010davanjem o\u0161trice. Opremljen otvara\u010dem boca, otvara\u010dem za om\u010de, odvija\u010dem i \u0161upljim fidom. Ru\u010dka od PP i TPE, o\u0161trica od nehr\u0111aju\u0107eg \u010delika W1.4419.<\/p>\n","protected":false},"excerpt":{"rendered":"<p>Skiperski sklopivi no\u017e, \u017euti &#8211; Switchblade no\u017e s zaklju\u010davanjem o\u0161trice. Opremljen otvara\u010dem boca, otvara\u010dem za om\u010de, odvija\u010dem i \u0161upljim fidom.<\/p>\n","protected":false},"featured_media":5940808,"comment_status":"closed","ping_status":"closed","template":"","meta":[],"product_brand":[3081],"product_cat":[1613,1856],"product_tag":[],"class_list":{"0":"post-3689043","1":"product","2":"type-product","3":"status-publish","4":"has-post-thumbnail","6":"product_brand-macs-hr","7":"product_cat-alati-za-rezanje","8":"product_cat-jedrilicarski-nozevi-i-alati","10":"first","11":"instock","12":"shipping-taxable","13":"purchasable","14":"product-type-simple"},"_links":{"self":[{"href":"https:\/\/stoic-curie.212-227-153-4.plesk.page\/hr\/wp-json\/wp\/v2\/product\/3689043","targetHints":{"allow":["GET"]}}],"collection":[{"href":"https:\/\/stoic-curie.212-227-153-4.plesk.page\/hr\/wp-json\/wp\/v2\/product"}],"about":[{"href":"https:\/\/stoic-curie.212-227-153-4.plesk.page\/hr\/wp-json\/wp\/v2\/types\/product"}],"replies":[{"embeddable":true,"href":"https:\/\/stoic-curie.212-227-153-4.plesk.page\/hr\/wp-json\/wp\/v2\/comments?post=3689043"}],"version-history":[{"count":0,"href":"https:\/\/stoic-curie.212-227-153-4.plesk.page\/hr\/wp-json\/wp\/v2\/product\/3689043\/revisions"}],"wp:featuredmedia":[{"embeddable":true,"href":"https:\/\/stoic-curie.212-227-153-4.plesk.page\/hr\/wp-json\/wp\/v2\/media\/5940808"}],"wp:attachment":[{"href":"https:\/\/stoic-curie.212-227-153-4.plesk.page\/hr\/wp-json\/wp\/v2\/media?parent=3689043"}],"wp:term":[{"taxonomy":"product_brand","embeddable":true,"href":"https:\/\/stoic-curie.212-227-153-4.plesk.page\/hr\/wp-json\/wp\/v2\/product_brand?post=3689043"},{"taxonomy":"product_cat","embeddable":true,"href":"https:\/\/stoic-curie.212-227-153-4.plesk.page\/hr\/wp-json\/wp\/v2\/product_cat?post=3689043"},{"taxonomy":"product_tag","embeddable":true,"href":"https:\/\/stoic-curie.212-227-153-4.plesk.page\/hr\/wp-json\/wp\/v2\/product_tag?post=3689043"}],"curies":[{"name":"wp","href":"https:\/\/api.w.org\/{rel}","templated":true}]}}